{"id":1115,"date":"2017-03-03T21:15:53","date_gmt":"2017-03-03T21:15:53","guid":{"rendered":"https:\/\/consultatio.ee\/company\/"},"modified":"2026-05-05T00:19:16","modified_gmt":"2026-05-04T21:19:16","slug":"company","status":"publish","type":"page","link":"https:\/\/consultatio.ee\/lv\/company\/","title":{"rendered":"Uz\u0146\u0113mums"},"content":{"rendered":"<p>[vc_row full_width=&#8221;stretch_row&#8221; css=&#8221;.vc_custom_1581874935099{padding-top: 30px !important;padding-bottom: 30px !important;background-color: #2e353e !important;}&#8221;][vc_column][vc_custom_heading text=&#8221;Uz\u0146\u0113mums&#8221; font_container=&#8221;tag:h1|text_align:center&#8221; use_theme_fonts=&#8221;yes&#8221; css=&#8221;.vc_custom_1585126466450{margin-bottom: 0px !important;}&#8221;][\/vc_column][\/vc_row][vc_row css=&#8221;.vc_custom_1581860985485{padding-top: 25px !important;padding-bottom: 25px !important;}&#8221;][vc_column]<div class=\"porto-u-heading\" data-hspacer=\"no_spacer\" data-halign=\"left\" style=\"text-align:left\"><div class=\"porto-u-main-heading\"><h2 style=\"line-height:27px;\">MANS ST\u0100STS<\/h2><\/div><div class=\"porto-u-sub-heading\" style=\"color: #2e353e;font-size:16px;\">Dibin\u0101t\u0101js Mareks B.<\/div><\/div>[vc_column_text css=&#8221;.vc_custom_1777929528312{margin-top: 30px !important;}&#8221; el_class=&#8221;txtjst&#8221;]<\/p>\n<p class=\"p1\">Mans pirmais komerci\u0101lais dar\u012bjums notika se\u0161padsmit gadu vecum\u0101 \u2014 p\u0101rdodot da\u017eus motociklus kolekcion\u0101riem Somij\u0101. P\u0113c biznesa standartiem tas bija neliels dar\u012bjums, ta\u010du mums ar partneri tas bija noz\u012bm\u012bgs sasniegums, kas rad\u0101s no pa\u0161u iniciat\u012bvas. Tie\u0161i taj\u0101 br\u012bd\u012b rad\u0101s interese par uz\u0146\u0113m\u0113jdarb\u012bbu, kas ar laiku tikai pieauga.<\/p>\n<p class=\"p1\">Turpm\u0101kaj\u0101s desmitgad\u0113s es izveidoju un att\u012bst\u012bju uz\u0146\u0113mumus Latvij\u0101, Igaunij\u0101, Lietuv\u0101, Polij\u0101 un Rum\u0101nij\u0101. \u0160aj\u0101 laik\u0101 es guvu gan pan\u0101kumus, gan sask\u0101ros ar izaicin\u0101jumiem, uzkr\u0101jot praktisku pieredzi, ko nav iesp\u0113jams piln\u012bb\u0101 ieg\u016bt tikai ar form\u0101lu izgl\u012bt\u012bbu.<\/p>\n<p class=\"p1\">Es nekad neesmu koncentr\u0113jies uz vienu nozari vai vienu tirgu. T\u0101 viet\u0101 es koncentr\u0113jos uz probl\u0113mu risin\u0101\u0161anu \u2014 atrodot iesp\u0113jas tur, kur citi redz \u0161\u0137\u0113r\u0161\u013cus, un pie\u0146emot l\u0113mumus sare\u017e\u0123\u012bt\u0101s situ\u0101cij\u0101s.<\/p>\n<p class=\"p1\">Laika gait\u0101 es sapratu, ka liel\u0101k\u0101 v\u0113rt\u012bba biznes\u0101 nav kapit\u0101ls vai kontakti, bet gan sp\u0113ja orient\u0113ties sare\u017e\u0123\u012btos procesos. L\u012bgumi, normat\u012bvie akti, uz\u0146\u0113mumu re\u0123istr\u0101cija Igaunij\u0101 (Company Formation Estonia), atbilst\u012bba pras\u012bb\u0101m, starptautisk\u0101s strukt\u016bras \u2014 tie\u0161i \u0161aj\u0101s jom\u0101s uz\u0146\u0113m\u0113ji visbie\u017e\u0101k zaud\u0113 laiku, resursus un p\u0101rliec\u012bbu. Un tie\u0161i \u0161eit es varu sniegt visliel\u0101ko v\u0113rt\u012bbu.<\/p>\n<p class=\"p1\">K\u0101d\u0101 br\u012bd\u012b es sapratu, ka darbs ar cilv\u0113kiem \u2014 pal\u012bdz\u012bba l\u0113mumu pie\u0146em\u0161an\u0101 un sare\u017e\u0123\u012btu procesu vad\u012b\u0161an\u0101 \u2014 sniedz liel\u0101ku gandar\u012bjumu nek\u0101 savu uz\u0146\u0113mumu vad\u012b\u0161ana. \u0160\u012b atzi\u0146a noveda pie Consultatio izveides.<\/p>\n<p class=\"p1\">Consultatio tika dibin\u0101ts 2020. gad\u0101 ar m\u0113r\u0137i sniegt praktisku un uzticamu atbalstu uz\u0146\u0113m\u0113jiem un priv\u0101tperson\u0101m. Kop\u0161 t\u0101 laika m\u0113s pal\u012bdzam klientiem no Eiropas Savien\u012bbas un cit\u0101m valst\u012bm dibin\u0101t uz\u0146\u0113mumus Igaunij\u0101, orient\u0113ties viet\u0113jos normat\u012bvajos aktos, nodro\u0161in\u0101t gr\u0101matved\u012bbu un struktur\u0113t biznesu Eiropas juridiskaj\u0101 vid\u0113.<\/p>\n<p class=\"p2\">M\u0113s str\u0101d\u0101jam ang\u013cu, latvie\u0161u un krievu valod\u0101, un sniedzam pakalpojumus Latvij\u0101, Igaunij\u0101, Lietuv\u0101, Polij\u0101 un Rum\u0101nij\u0101.<\/p>\n<p>[\/vc_column_text][\/vc_column][\/vc_row][vc_row full_width=&#8221;stretch_row&#8221; css=&#8221;.vc_custom_1581861793396{padding-bottom: 45px !important;}&#8221;][vc_column width=&#8221;5\/12&#8243;][\/vc_column][vc_column width=&#8221;7\/12&#8243;][\/vc_column][\/vc_row]<\/p>\n","protected":false},"excerpt":{"rendered":"<p>[vc_row full_width=&#8221;stretch_row&#8221; css=&#8221;.vc_custom_1581874935099{padding-top: 30px !important;padding-bottom: 30px !important;background-color: #2e353e !important;}&#8221;][vc_column][vc_custom_heading text=&#8221;Uz\u0146\u0113mums&#8221; font_container=&#8221;tag:h1|text_align:center&#8221; use_theme_fonts=&#8221;yes&#8221; css=&#8221;.vc_custom_1585126466450{margin-bottom: 0px !important;}&#8221;][\/vc_column][\/vc_row][vc_row css=&#8221;.vc_custom_1581860985485{padding-top: 25px !important;padding-bottom: 25px !important;}&#8221;][vc_column][vc_column_text css=&#8221;.vc_custom_1777929528312{margin-top: 30px !important;}&#8221; el_class=&#8221;txtjst&#8221;] Mans pirmais komerci\u0101lais dar\u012bjums notika se\u0161padsmit gadu vecum\u0101 \u2014 p\u0101rdodot da\u017eus motociklus kolekcion\u0101riem Somij\u0101. P\u0113c biznesa standartiem tas bija neliels dar\u012bjums, ta\u010du mums ar partneri tas bija noz\u012bm\u012bgs sasniegums, kas rad\u0101s [&hellip;]<\/p>\n","protected":false},"author":1,"featured_media":0,"parent":0,"menu_order":0,"comment_status":"closed","ping_status":"closed","template":"","meta":[],"yoast_head":"<!-- This site is optimized with the Yoast SEO plugin v18.4.1 - https:\/\/yoast.com\/wordpress\/plugins\/seo\/ -->\n<title>Uz\u0146\u0113mums - Consultatio<\/title>\n<meta name=\"robots\" content=\"index, follow, max-snippet:-1, max-image-preview:large, max-video-preview:-1\" \/>\n<link rel=\"canonical\" href=\"https:\/\/consultatio.ee\/company\/\" \/>\n<meta property=\"og:locale\" content=\"lv_LV\" \/>\n<meta property=\"og:type\" content=\"article\" \/>\n<meta property=\"og:title\" content=\"Uz\u0146\u0113mums - Consultatio\" \/>\n<meta property=\"og:description\" content=\"[vc_row full_width=&#8221;stretch_row&#8221; css=&#8221;.vc_custom_1581874935099{padding-top: 30px !important;padding-bottom: 30px !important;background-color: #2e353e !important;}&#8221;][vc_column][vc_custom_heading text=&#8221;Uz\u0146\u0113mums&#8221; font_container=&#8221;tag:h1|text_align:center&#8221; use_theme_fonts=&#8221;yes&#8221; css=&#8221;.vc_custom_1585126466450{margin-bottom: 0px !important;}&#8221;][\/vc_column][\/vc_row][vc_row css=&#8221;.vc_custom_1581860985485{padding-top: 25px !important;padding-bottom: 25px !important;}&#8221;][vc_column][vc_column_text css=&#8221;.vc_custom_1777929528312{margin-top: 30px !important;}&#8221; el_class=&#8221;txtjst&#8221;] Mans pirmais komerci\u0101lais dar\u012bjums notika se\u0161padsmit gadu vecum\u0101 \u2014 p\u0101rdodot da\u017eus motociklus kolekcion\u0101riem Somij\u0101. P\u0113c biznesa standartiem tas bija neliels dar\u012bjums, ta\u010du mums ar partneri tas bija noz\u012bm\u012bgs sasniegums, kas rad\u0101s [&hellip;]\" \/>\n<meta property=\"og:url\" content=\"https:\/\/consultatio.ee\/company\/\" \/>\n<meta property=\"og:site_name\" content=\"Consultatio\" \/>\n<meta property=\"article:modified_time\" content=\"2026-05-04T21:19:16+00:00\" \/>\n<meta name=\"twitter:card\" content=\"summary_large_image\" \/>\n<meta name=\"twitter:label1\" content=\"Est. reading time\" \/>\n\t<meta name=\"twitter:data1\" content=\"3 minutes\" \/>\n<script type=\"application\/ld+json\" class=\"yoast-schema-graph\">{\"@context\":\"https:\/\/schema.org\",\"@graph\":[{\"@type\":\"WebSite\",\"@id\":\"https:\/\/consultatio.ee\/#website\",\"url\":\"https:\/\/consultatio.ee\/\",\"name\":\"Consultatio\",\"description\":\"Consultatio\",\"potentialAction\":[{\"@type\":\"SearchAction\",\"target\":{\"@type\":\"EntryPoint\",\"urlTemplate\":\"https:\/\/consultatio.ee\/?s={search_term_string}\"},\"query-input\":\"required name=search_term_string\"}],\"inLanguage\":\"lv-LV\"},{\"@type\":\"WebPage\",\"@id\":\"https:\/\/consultatio.ee\/company\/#webpage\",\"url\":\"https:\/\/consultatio.ee\/company\/\",\"name\":\"Uz\u0146\u0113mums - Consultatio\",\"isPartOf\":{\"@id\":\"https:\/\/consultatio.ee\/#website\"},\"datePublished\":\"2017-03-03T21:15:53+00:00\",\"dateModified\":\"2026-05-04T21:19:16+00:00\",\"breadcrumb\":{\"@id\":\"https:\/\/consultatio.ee\/company\/#breadcrumb\"},\"inLanguage\":\"lv-LV\",\"potentialAction\":[{\"@type\":\"ReadAction\",\"target\":[\"https:\/\/consultatio.ee\/company\/\"]}]},{\"@type\":\"BreadcrumbList\",\"@id\":\"https:\/\/consultatio.ee\/company\/#breadcrumb\",\"itemListElement\":[{\"@type\":\"ListItem\",\"position\":1,\"name\":\"Home\",\"item\":\"https:\/\/consultatio.ee\/lv\/\"},{\"@type\":\"ListItem\",\"position\":2,\"name\":\"Uz\u0146\u0113mums\"}]}]}<\/script>\n<!-- \/ Yoast SEO plugin. -->","yoast_head_json":{"title":"Uz\u0146\u0113mums - Consultatio","robots":{"index":"index","follow":"follow","max-snippet":"max-snippet:-1","max-image-preview":"max-image-preview:large","max-video-preview":"max-video-preview:-1"},"canonical":"https:\/\/consultatio.ee\/company\/","og_locale":"lv_LV","og_type":"article","og_title":"Uz\u0146\u0113mums - Consultatio","og_description":"[vc_row full_width=&#8221;stretch_row&#8221; css=&#8221;.vc_custom_1581874935099{padding-top: 30px !important;padding-bottom: 30px !important;background-color: #2e353e !important;}&#8221;][vc_column][vc_custom_heading text=&#8221;Uz\u0146\u0113mums&#8221; font_container=&#8221;tag:h1|text_align:center&#8221; use_theme_fonts=&#8221;yes&#8221; css=&#8221;.vc_custom_1585126466450{margin-bottom: 0px !important;}&#8221;][\/vc_column][\/vc_row][vc_row css=&#8221;.vc_custom_1581860985485{padding-top: 25px !important;padding-bottom: 25px !important;}&#8221;][vc_column][vc_column_text css=&#8221;.vc_custom_1777929528312{margin-top: 30px !important;}&#8221; el_class=&#8221;txtjst&#8221;] Mans pirmais komerci\u0101lais dar\u012bjums notika se\u0161padsmit gadu vecum\u0101 \u2014 p\u0101rdodot da\u017eus motociklus kolekcion\u0101riem Somij\u0101. P\u0113c biznesa standartiem tas bija neliels dar\u012bjums, ta\u010du mums ar partneri tas bija noz\u012bm\u012bgs sasniegums, kas rad\u0101s [&hellip;]","og_url":"https:\/\/consultatio.ee\/company\/","og_site_name":"Consultatio","article_modified_time":"2026-05-04T21:19:16+00:00","twitter_card":"summary_large_image","twitter_misc":{"Est. reading time":"3 minutes"},"schema":{"@context":"https:\/\/schema.org","@graph":[{"@type":"WebSite","@id":"https:\/\/consultatio.ee\/#website","url":"https:\/\/consultatio.ee\/","name":"Consultatio","description":"Consultatio","potentialAction":[{"@type":"SearchAction","target":{"@type":"EntryPoint","urlTemplate":"https:\/\/consultatio.ee\/?s={search_term_string}"},"query-input":"required name=search_term_string"}],"inLanguage":"lv-LV"},{"@type":"WebPage","@id":"https:\/\/consultatio.ee\/company\/#webpage","url":"https:\/\/consultatio.ee\/company\/","name":"Uz\u0146\u0113mums - Consultatio","isPartOf":{"@id":"https:\/\/consultatio.ee\/#website"},"datePublished":"2017-03-03T21:15:53+00:00","dateModified":"2026-05-04T21:19:16+00:00","breadcrumb":{"@id":"https:\/\/consultatio.ee\/company\/#breadcrumb"},"inLanguage":"lv-LV","potentialAction":[{"@type":"ReadAction","target":["https:\/\/consultatio.ee\/company\/"]}]},{"@type":"BreadcrumbList","@id":"https:\/\/consultatio.ee\/company\/#breadcrumb","itemListElement":[{"@type":"ListItem","position":1,"name":"Home","item":"https:\/\/consultatio.ee\/lv\/"},{"@type":"ListItem","position":2,"name":"Uz\u0146\u0113mums"}]}]}},"_links":{"self":[{"href":"https:\/\/consultatio.ee\/lv\/wp-json\/wp\/v2\/pages\/1115"}],"collection":[{"href":"https:\/\/consultatio.ee\/lv\/wp-json\/wp\/v2\/pages"}],"about":[{"href":"https:\/\/consultatio.ee\/lv\/wp-json\/wp\/v2\/types\/page"}],"author":[{"embeddable":true,"href":"https:\/\/consultatio.ee\/lv\/wp-json\/wp\/v2\/users\/1"}],"replies":[{"embeddable":true,"href":"https:\/\/consultatio.ee\/lv\/wp-json\/wp\/v2\/comments?post=1115"}],"version-history":[{"count":5,"href":"https:\/\/consultatio.ee\/lv\/wp-json\/wp\/v2\/pages\/1115\/revisions"}],"predecessor-version":[{"id":1264,"href":"https:\/\/consultatio.ee\/lv\/wp-json\/wp\/v2\/pages\/1115\/revisions\/1264"}],"wp:attachment":[{"href":"https:\/\/consultatio.ee\/lv\/wp-json\/wp\/v2\/media?parent=1115"}],"curies":[{"name":"wp","href":"https:\/\/api.w.org\/{rel}","templated":true}]}}