{"id":1113,"date":"2017-03-03T21:21:26","date_gmt":"2017-03-03T21:21:26","guid":{"rendered":"https:\/\/consultatio.ee\/contact\/"},"modified":"2020-07-16T12:46:20","modified_gmt":"2020-07-16T09:46:20","slug":"contact","status":"publish","type":"page","link":"https:\/\/consultatio.ee\/lv\/contact\/","title":{"rendered":"Kontakts"},"content":{"rendered":"<p>[vc_row wrap_container=&#8221;yes&#8221; css=&#8221;.vc_custom_1581875018804{padding-top: 30px !important;padding-bottom: 30px !important;background-color: #2e353e !important;}&#8221;][vc_column][vc_custom_heading text=&#8221;Kontakts&#8221; font_container=&#8221;tag:h1|text_align:center|color:%23ffffff&#8221; use_theme_fonts=&#8221;yes&#8221; css=&#8221;.vc_custom_1585127239689{margin-bottom: 0px !important;}&#8221;][\/vc_column][\/vc_row][vc_row wrap_container=&#8221;yes&#8221; css=&#8221;.vc_custom_1581866189214{padding-top: 50px !important;padding-bottom: 40px !important;}&#8221;][vc_column width=&#8221;1\/4&#8243;]<div id=\"porto-icon-79274828469fa1b7c566db\" class=\"porto-just-icon-wrapper align-left\" style=\"text-align:left;\">\n<div class=\"porto-sicon-img \" style=\"display:inline-block;font-size: 40px;\" >\n\t<img class=\"img-icon\" alt=\"\" src=\"https:\/\/consultatio.ee\/wp-content\/uploads\/2017\/03\/custom-icon-6.png\" width=\"40\" height=\"41\" \/>\n<\/div><\/div><div class=\"porto-sicon-box style_1 default-icon flex-wrap\"><div class=\"porto-sicon-header\" ><h3 class=\"porto-sicon-title\" style=\"font-weight:600;font-size:15px;\">Adrese<\/h3><\/div> <!-- header --><div class=\"porto-sicon-description\" style=\"\">Siduri 7, 11313<br \/>\nTallinn, Estonia<\/div> <!-- description --><\/div> <!-- porto-sicon-box -->[\/vc_column][vc_column width=&#8221;1\/4&#8243;]<div id=\"porto-icon-120746226369fa1b7c56c72\" class=\"porto-just-icon-wrapper align-left\" style=\"text-align:left;\">\n<div class=\"porto-sicon-img \" style=\"display:inline-block;font-size: 40px;\" >\n\t<img class=\"img-icon\" alt=\"\" src=\"https:\/\/consultatio.ee\/wp-content\/uploads\/2017\/03\/custom-icon-9.png\" width=\"40\" height=\"41\" \/>\n<\/div><\/div><div class=\"porto-sicon-box style_1 default-icon flex-wrap\"><div class=\"porto-sicon-header\" ><h3 class=\"porto-sicon-title\" style=\"font-weight:600;font-size:15px;\">Uz\u0146\u0113mums<\/h3><\/div> <!-- header --><div class=\"porto-sicon-description\" style=\"\">Consulting Agency O\u00dc<br \/>\nReg.nr. 14884942<\/div> <!-- description --><\/div> <!-- porto-sicon-box -->[\/vc_column][vc_column width=&#8221;1\/4&#8243;]<div id=\"porto-icon-46102473269fa1b7c5711b\" class=\"porto-just-icon-wrapper align-left\" style=\"text-align:left;\">\n<div class=\"porto-sicon-img \" style=\"display:inline-block;font-size: 40px;\" >\n\t<img class=\"img-icon\" alt=\"\" src=\"https:\/\/consultatio.ee\/wp-content\/uploads\/2017\/03\/custom-icon-8.png\" width=\"40\" height=\"41\" \/>\n<\/div><\/div><div class=\"porto-sicon-box style_1 default-icon flex-wrap\"><div class=\"porto-sicon-header\" ><h3 class=\"porto-sicon-title\" style=\"font-weight:600;font-size:15px;\">Bankas konta numurs<\/h3><\/div> <!-- header --><div class=\"porto-sicon-description\" style=\"\">Coop Pank AS<br \/>\nEE414204278613848005<\/div> <!-- description --><\/div> <!-- porto-sicon-box -->[\/vc_column][\/vc_row][vc_row equal_height=&#8221;yes&#8221; no_padding=&#8221;yes&#8221;][vc_column width=&#8221;1\/2&#8243; css=&#8221;.vc_custom_1581864123813{padding-top: 60px !important;padding-bottom: 55px !important;padding-left: 15px !important;background-color: #25272c !important;}&#8221;]<div class=\"porto-container container  col-half-section col-half-section-right\">[vc_custom_heading text=&#8221;M\u0112S J\u016aS SAUCAM ATPAKA\u013b&#8221; font_container=&#8221;tag:h2|text_align:left|color:%23ffffff&#8221; use_theme_fonts=&#8221;yes&#8221; text_transform=&#8221;text-uppercase&#8221; css=&#8221;.vc_custom_1585128317335{margin-bottom: 0px !important;}&#8221;][vc_column_text el_class=&#8221;text-color-dark m-b-md&#8221;]<span style=\"color: #ffffff;\">Piepras\u012bt zvanu<\/span>[\/vc_column_text]<div role=\"form\" class=\"wpcf7\" id=\"wpcf7-f1139-o1\" lang=\"en-US\" dir=\"ltr\">\n<div class=\"screen-reader-response\"><p role=\"status\" aria-live=\"polite\" aria-atomic=\"true\"><\/p> <ul><\/ul><\/div>\n<form action=\"\/lv\/wp-json\/wp\/v2\/pages\/1113#wpcf7-f1139-o1\" method=\"post\" class=\"wpcf7-form init\" novalidate=\"novalidate\" data-status=\"init\">\n<div style=\"display: none;\">\n<input type=\"hidden\" name=\"_wpcf7\" value=\"1139\" \/>\n<input type=\"hidden\" name=\"_wpcf7_version\" value=\"5.5.6\" \/>\n<input type=\"hidden\" name=\"_wpcf7_locale\" value=\"en_US\" \/>\n<input type=\"hidden\" name=\"_wpcf7_unit_tag\" value=\"wpcf7-f1139-o1\" \/>\n<input type=\"hidden\" name=\"_wpcf7_container_post\" value=\"0\" \/>\n<input type=\"hidden\" name=\"_wpcf7_posted_data_hash\" value=\"\" \/>\n<\/div>\n<p><span class=\"custom-position-relative\"><i class=\"Simple-Line-Icons-user text-color-light\"><\/i><span class=\"wpcf7-form-control-wrap your-name\"><input type=\"text\" name=\"your-name\" value=\"\" size=\"40\" class=\"wpcf7-form-control wpcf7-text wpcf7-validates-as-required\" aria-required=\"true\" aria-invalid=\"false\" placeholder=\"V\u0101rds *\" \/><\/span><\/span><br \/>\n<span class=\"custom-position-relative\"><i class=\"Simple-Line-Icons-screen-smartphone text-color-light\"><\/i><span class=\"wpcf7-form-control-wrap your-phone\"><input type=\"text\" name=\"your-phone\" value=\"\" size=\"40\" class=\"wpcf7-form-control wpcf7-text wpcf7-validates-as-required\" aria-required=\"true\" aria-invalid=\"false\" placeholder=\"T\u0101lru\u0146a numurs *\" \/><\/span><\/span><br \/>\n<span class=\"custom-position-relative\"><i class=\"Simple-Line-Icons-envelope text-color-light\"><\/i><span class=\"wpcf7-form-control-wrap your-email\"><input type=\"email\" name=\"your-email\" value=\"\" size=\"40\" class=\"wpcf7-form-control wpcf7-text wpcf7-email wpcf7-validates-as-required wpcf7-validates-as-email\" aria-required=\"true\" aria-invalid=\"false\" placeholder=\"Email *\" \/><\/span><\/span><br \/>\n<span class=\"custom-position-relative\"><i class=\"Simple-Line-Icons-bubbles text-color-light\"><\/i><span class=\"wpcf7-form-control-wrap your-message\"><input type=\"text\" name=\"your-message\" value=\"\" size=\"40\" class=\"wpcf7-form-control wpcf7-text wpcf7-validates-as-required\" aria-required=\"true\" aria-invalid=\"false\" placeholder=\"Es gribu apspriest *\" \/><\/span><\/span><br \/>\n<input type=\"submit\" value=\"S\u016aT\u012aT\" class=\"wpcf7-form-control has-spinner wpcf7-submit\" \/><\/p>\n<style>\n.wpcf7-form-control-wrap{\n    margin-bottom: 15px;\n    display: inline-block;\n    width: 100%;\n}\n.custom-position-relative{position:relative;}\n.custom-position-relative > i{\nposition: absolute;\n    top: 5px;\n    left: 0;\n}\nbody.rtl .custom-position-relative > i{\nleft: auto;\nright: 5px;\n}\n.wpcf7-submit{\n\tpadding: 13px 35px !important;\n    margin-top: 20px !important;\n    border: 0;\n    font-size: 13px;\n    font-weight: 600 !important;\n    background: rgba(255, 255, 255, 0.2) !important;\n    border-radius: 2px !important;\n}\n.wpcf7-submit:hover{ background: rgba(255, 255, 255, 0.3) !important; }\ninput[type=\"text\"], input[type=\"email\"]{\n    background: transparent;\n    border: none;\n    border-bottom: 1px solid rgba(255, 255, 255, 0.2);\n    padding: 7px 10px 7px 30px;\n    box-shadow: none;\n    color: #FFF;\n    width: 100%;\n}\nbody.rtl input[type=\"text\"], body.rtl input[type=\"email\"]{padding: 7px 30px 7px 10px;}\n::-webkit-input-placeholder { color: #c6d4ee; }\n::-moz-placeholder { color: #c6d4ee; }\n:-ms-input-placeholder { color: #c6d4ee; }\n:-moz-placeholder { color: #c6d4ee; }\n<\/style>\n<div class=\"wpcf7-response-output\" aria-hidden=\"true\"><\/div><\/form><\/div><\/div>[\/vc_column][vc_column width=&#8221;1\/2&#8243; css=&#8221;.vc_custom_1581864129005{padding-top: 60px !important;padding-bottom: 55px !important;padding-left: 15px !important;background-color: #25272c !important;}&#8221;]<div class=\"porto-container container  col-half-section col-half-section-left\">[vc_custom_heading text=&#8221;PARUN\u0100SIM PAR BIZNESU&#8221; font_container=&#8221;tag:h2|text_align:left|color:%23ffffff&#8221; use_theme_fonts=&#8221;yes&#8221; text_transform=&#8221;text-uppercase&#8221; css=&#8221;.vc_custom_1585128385381{margin-bottom: 0px !important;}&#8221;][vc_column_text el_class=&#8221;text-color-dark m-b-lg&#8221;]<span style=\"color: #ffffff;\">Run\u0101jiet ar speci\u0101listu<\/span><\/p>\n<p>[\/vc_column_text][vc_column_text el_class=&#8221;m-b-lg custom-padding-right-1&#8243;]<span style=\"color: #ffffff;\">Ja j\u016bs interes\u0113 iepriek\u0161 uzskait\u012btie pakalpojumi, ats\u016btiet mums savu piepras\u012bjumu, un m\u0113s ar jums sazin\u0101simies vienas darba dienas laik\u0101.<\/span>[\/vc_column_text]<a class=\"porto-sicon-box-link\" href=\"tel:+37255571717\"   title='tel:+37255571717'><div class=\"porto-sicon-box custom-opacity-effect-1 style_1 default-icon flex-wrap\"><div class=\"porto-sicon-header\" ><h3 class=\"porto-sicon-title\" style=\"font-size:11px;color:#ffffff;\">ZVANIET T\u016aL\u012aT<\/h3><\/div> <!-- header --><div class=\"porto-sicon-description\" style=\"font-size:21px;color:#ffffff;\">+372 5557 1717 <\/div> <!-- description --><\/div> <!-- porto-sicon-box --><\/a><a class=\"porto-sicon-box-link\" href=\"tel:+37129602311\"   title='tel:+37129602311'><div class=\"porto-sicon-box custom-opacity-effect-1 style_1 default-icon flex-wrap\"><div class=\"porto-sicon-description\" style=\"font-size:21px;color:#ffffff;\">\n<div class=\"porto-sicon-box custom-opacity-effect-1 style_1 default-icon flex-wrap\">\n<div class=\"porto-sicon-description\">+371 2960 2311<\/div>\n<\/div>\n<p><\/div> <!-- description --><\/div> <!-- porto-sicon-box --><\/a><a class=\"porto-sicon-box-link\" href=\"mailto:info@alcapone.ee\"   title='mailto:info@alcapone.ee'><div class=\"porto-sicon-box custom-opacity-effect-1 style_1 default-icon flex-wrap\"><div class=\"porto-sicon-header\" ><h3 class=\"porto-sicon-title\" style=\"font-size:11px;color:#ffffff;\">NOS\u016aTI E-PASTU<\/h3><\/div> <!-- header --><div class=\"porto-sicon-description\" style=\"font-size:21px;color:#ffffff;\">\n<div class=\"porto-sicon-box custom-opacity-effect-1 style_1 default-icon flex-wrap\">\n<div class=\"porto-sicon-description\">\n<div class=\"porto-sicon-box custom-opacity-effect-1 style_1 default-icon flex-wrap\">\n<div class=\"porto-sicon-description\">info@consultatio.ee<\/div>\n<\/div>\n<\/div>\n<\/div>\n<p><\/div> <!-- description --><\/div> <!-- porto-sicon-box --><\/a><\/div>[\/vc_column][\/vc_row][vc_row css=&#8221;.vc_custom_1581866350324{margin-bottom: 0px !important;padding-bottom: 0px !important;}&#8221;][vc_column css=&#8221;.vc_custom_1581866336016{margin-bottom: 0px !important;padding-bottom: 0px !important;}&#8221;][vc_column_text css=&#8221;.vc_custom_1581866399330{margin-bottom: 0px !important;padding-top: 10px !important;padding-bottom: 10px !important;}&#8221;]<\/p>\n<p style=\"text-align: center;\">\u00a9 Copyright 2020. All Rights Reserved.<\/p>\n<p>[\/vc_column_text][\/vc_column][\/vc_row]<\/p>\n","protected":false},"excerpt":{"rendered":"<p>[vc_row wrap_container=&#8221;yes&#8221; css=&#8221;.vc_custom_1581875018804{padding-top: 30px !important;padding-bottom: 30px !important;background-color: #2e353e !important;}&#8221;][vc_column][vc_custom_heading text=&#8221;Kontakts&#8221; font_container=&#8221;tag:h1|text_align:center|color:%23ffffff&#8221; use_theme_fonts=&#8221;yes&#8221; css=&#8221;.vc_custom_1585127239689{margin-bottom: 0px !important;}&#8221;][\/vc_column][\/vc_row][vc_row wrap_container=&#8221;yes&#8221; css=&#8221;.vc_custom_1581866189214{padding-top: 50px !important;padding-bottom: 40px !important;}&#8221;][vc_column width=&#8221;1\/4&#8243;][\/vc_column][vc_column width=&#8221;1\/4&#8243;][\/vc_column][vc_column width=&#8221;1\/4&#8243;][\/vc_column][\/vc_row][vc_row equal_height=&#8221;yes&#8221; no_padding=&#8221;yes&#8221;][vc_column width=&#8221;1\/2&#8243; css=&#8221;.vc_custom_1581864123813{padding-top: 60px !important;padding-bottom: 55px !important;padding-left: 15px !important;background-color: #25272c !important;}&#8221;][\/vc_column][vc_column width=&#8221;1\/2&#8243; css=&#8221;.vc_custom_1581864129005{padding-top: 60px !important;padding-bottom: 55px !important;padding-left: 15px !important;background-color: #25272c !important;}&#8221;][\/vc_column][\/vc_row][vc_row css=&#8221;.vc_custom_1581866350324{margin-bottom: 0px !important;padding-bottom: 0px !important;}&#8221;][vc_column css=&#8221;.vc_custom_1581866336016{margin-bottom: 0px !important;padding-bottom: 0px [&hellip;]<\/p>\n","protected":false},"author":1,"featured_media":0,"parent":0,"menu_order":0,"comment_status":"closed","ping_status":"closed","template":"","meta":[],"yoast_head":"<!-- This site is optimized with the Yoast SEO plugin v18.4.1 - https:\/\/yoast.com\/wordpress\/plugins\/seo\/ -->\n<title>Kontakts - Consultatio<\/title>\n<meta name=\"robots\" content=\"index, follow, max-snippet:-1, max-image-preview:large, max-video-preview:-1\" \/>\n<link rel=\"canonical\" href=\"https:\/\/consultatio.ee\/lv\/contact\/\" \/>\n<meta property=\"og:locale\" content=\"lv_LV\" \/>\n<meta property=\"og:type\" content=\"article\" \/>\n<meta property=\"og:title\" content=\"Kontakts - Consultatio\" \/>\n<meta property=\"og:description\" content=\"[vc_row wrap_container=&#8221;yes&#8221; css=&#8221;.vc_custom_1581875018804{padding-top: 30px !important;padding-bottom: 30px !important;background-color: #2e353e !important;}&#8221;][vc_column][vc_custom_heading text=&#8221;Kontakts&#8221; font_container=&#8221;tag:h1|text_align:center|color:%23ffffff&#8221; use_theme_fonts=&#8221;yes&#8221; css=&#8221;.vc_custom_1585127239689{margin-bottom: 0px !important;}&#8221;][\/vc_column][\/vc_row][vc_row wrap_container=&#8221;yes&#8221; css=&#8221;.vc_custom_1581866189214{padding-top: 50px !important;padding-bottom: 40px !important;}&#8221;][vc_column width=&#8221;1\/4&#8243;][\/vc_column][vc_column width=&#8221;1\/4&#8243;][\/vc_column][vc_column width=&#8221;1\/4&#8243;][\/vc_column][\/vc_row][vc_row equal_height=&#8221;yes&#8221; no_padding=&#8221;yes&#8221;][vc_column width=&#8221;1\/2&#8243; css=&#8221;.vc_custom_1581864123813{padding-top: 60px !important;padding-bottom: 55px !important;padding-left: 15px !important;background-color: #25272c !important;}&#8221;][\/vc_column][vc_column width=&#8221;1\/2&#8243; css=&#8221;.vc_custom_1581864129005{padding-top: 60px !important;padding-bottom: 55px !important;padding-left: 15px !important;background-color: #25272c !important;}&#8221;][\/vc_column][\/vc_row][vc_row css=&#8221;.vc_custom_1581866350324{margin-bottom: 0px !important;padding-bottom: 0px !important;}&#8221;][vc_column css=&#8221;.vc_custom_1581866336016{margin-bottom: 0px !important;padding-bottom: 0px [&hellip;]\" \/>\n<meta property=\"og:url\" content=\"https:\/\/consultatio.ee\/lv\/contact\/\" \/>\n<meta property=\"og:site_name\" content=\"Consultatio\" \/>\n<meta property=\"article:modified_time\" content=\"2020-07-16T09:46:20+00:00\" \/>\n<meta name=\"twitter:card\" content=\"summary_large_image\" \/>\n<meta name=\"twitter:label1\" content=\"Est. reading time\" \/>\n\t<meta name=\"twitter:data1\" content=\"3 minutes\" \/>\n<script type=\"application\/ld+json\" class=\"yoast-schema-graph\">{\"@context\":\"https:\/\/schema.org\",\"@graph\":[{\"@type\":\"WebSite\",\"@id\":\"https:\/\/consultatio.ee\/#website\",\"url\":\"https:\/\/consultatio.ee\/\",\"name\":\"Consultatio\",\"description\":\"Consultatio\",\"potentialAction\":[{\"@type\":\"SearchAction\",\"target\":{\"@type\":\"EntryPoint\",\"urlTemplate\":\"https:\/\/consultatio.ee\/?s={search_term_string}\"},\"query-input\":\"required name=search_term_string\"}],\"inLanguage\":\"lv-LV\"},{\"@type\":\"WebPage\",\"@id\":\"https:\/\/consultatio.ee\/lv\/contact\/#webpage\",\"url\":\"https:\/\/consultatio.ee\/lv\/contact\/\",\"name\":\"Kontakts - Consultatio\",\"isPartOf\":{\"@id\":\"https:\/\/consultatio.ee\/#website\"},\"datePublished\":\"2017-03-03T21:21:26+00:00\",\"dateModified\":\"2020-07-16T09:46:20+00:00\",\"breadcrumb\":{\"@id\":\"https:\/\/consultatio.ee\/lv\/contact\/#breadcrumb\"},\"inLanguage\":\"lv-LV\",\"potentialAction\":[{\"@type\":\"ReadAction\",\"target\":[\"https:\/\/consultatio.ee\/lv\/contact\/\"]}]},{\"@type\":\"BreadcrumbList\",\"@id\":\"https:\/\/consultatio.ee\/lv\/contact\/#breadcrumb\",\"itemListElement\":[{\"@type\":\"ListItem\",\"position\":1,\"name\":\"Home\",\"item\":\"https:\/\/consultatio.ee\/lv\/\"},{\"@type\":\"ListItem\",\"position\":2,\"name\":\"Kontakts\"}]}]}<\/script>\n<!-- \/ Yoast SEO plugin. -->","yoast_head_json":{"title":"Kontakts - Consultatio","robots":{"index":"index","follow":"follow","max-snippet":"max-snippet:-1","max-image-preview":"max-image-preview:large","max-video-preview":"max-video-preview:-1"},"canonical":"https:\/\/consultatio.ee\/lv\/contact\/","og_locale":"lv_LV","og_type":"article","og_title":"Kontakts - Consultatio","og_description":"[vc_row wrap_container=&#8221;yes&#8221; css=&#8221;.vc_custom_1581875018804{padding-top: 30px !important;padding-bottom: 30px !important;background-color: #2e353e !important;}&#8221;][vc_column][vc_custom_heading text=&#8221;Kontakts&#8221; font_container=&#8221;tag:h1|text_align:center|color:%23ffffff&#8221; use_theme_fonts=&#8221;yes&#8221; css=&#8221;.vc_custom_1585127239689{margin-bottom: 0px !important;}&#8221;][\/vc_column][\/vc_row][vc_row wrap_container=&#8221;yes&#8221; css=&#8221;.vc_custom_1581866189214{padding-top: 50px !important;padding-bottom: 40px !important;}&#8221;][vc_column width=&#8221;1\/4&#8243;][\/vc_column][vc_column width=&#8221;1\/4&#8243;][\/vc_column][vc_column width=&#8221;1\/4&#8243;][\/vc_column][\/vc_row][vc_row equal_height=&#8221;yes&#8221; no_padding=&#8221;yes&#8221;][vc_column width=&#8221;1\/2&#8243; css=&#8221;.vc_custom_1581864123813{padding-top: 60px !important;padding-bottom: 55px !important;padding-left: 15px !important;background-color: #25272c !important;}&#8221;][\/vc_column][vc_column width=&#8221;1\/2&#8243; css=&#8221;.vc_custom_1581864129005{padding-top: 60px !important;padding-bottom: 55px !important;padding-left: 15px !important;background-color: #25272c !important;}&#8221;][\/vc_column][\/vc_row][vc_row css=&#8221;.vc_custom_1581866350324{margin-bottom: 0px !important;padding-bottom: 0px !important;}&#8221;][vc_column css=&#8221;.vc_custom_1581866336016{margin-bottom: 0px !important;padding-bottom: 0px [&hellip;]","og_url":"https:\/\/consultatio.ee\/lv\/contact\/","og_site_name":"Consultatio","article_modified_time":"2020-07-16T09:46:20+00:00","twitter_card":"summary_large_image","twitter_misc":{"Est. reading time":"3 minutes"},"schema":{"@context":"https:\/\/schema.org","@graph":[{"@type":"WebSite","@id":"https:\/\/consultatio.ee\/#website","url":"https:\/\/consultatio.ee\/","name":"Consultatio","description":"Consultatio","potentialAction":[{"@type":"SearchAction","target":{"@type":"EntryPoint","urlTemplate":"https:\/\/consultatio.ee\/?s={search_term_string}"},"query-input":"required name=search_term_string"}],"inLanguage":"lv-LV"},{"@type":"WebPage","@id":"https:\/\/consultatio.ee\/lv\/contact\/#webpage","url":"https:\/\/consultatio.ee\/lv\/contact\/","name":"Kontakts - Consultatio","isPartOf":{"@id":"https:\/\/consultatio.ee\/#website"},"datePublished":"2017-03-03T21:21:26+00:00","dateModified":"2020-07-16T09:46:20+00:00","breadcrumb":{"@id":"https:\/\/consultatio.ee\/lv\/contact\/#breadcrumb"},"inLanguage":"lv-LV","potentialAction":[{"@type":"ReadAction","target":["https:\/\/consultatio.ee\/lv\/contact\/"]}]},{"@type":"BreadcrumbList","@id":"https:\/\/consultatio.ee\/lv\/contact\/#breadcrumb","itemListElement":[{"@type":"ListItem","position":1,"name":"Home","item":"https:\/\/consultatio.ee\/lv\/"},{"@type":"ListItem","position":2,"name":"Kontakts"}]}]}},"_links":{"self":[{"href":"https:\/\/consultatio.ee\/lv\/wp-json\/wp\/v2\/pages\/1113"}],"collection":[{"href":"https:\/\/consultatio.ee\/lv\/wp-json\/wp\/v2\/pages"}],"about":[{"href":"https:\/\/consultatio.ee\/lv\/wp-json\/wp\/v2\/types\/page"}],"author":[{"embeddable":true,"href":"https:\/\/consultatio.ee\/lv\/wp-json\/wp\/v2\/users\/1"}],"replies":[{"embeddable":true,"href":"https:\/\/consultatio.ee\/lv\/wp-json\/wp\/v2\/comments?post=1113"}],"version-history":[{"count":8,"href":"https:\/\/consultatio.ee\/lv\/wp-json\/wp\/v2\/pages\/1113\/revisions"}],"predecessor-version":[{"id":1234,"href":"https:\/\/consultatio.ee\/lv\/wp-json\/wp\/v2\/pages\/1113\/revisions\/1234"}],"wp:attachment":[{"href":"https:\/\/consultatio.ee\/lv\/wp-json\/wp\/v2\/media?parent=1113"}],"curies":[{"name":"wp","href":"https:\/\/api.w.org\/{rel}","templated":true}]}}