{"id":1111,"date":"2020-02-16T11:09:15","date_gmt":"2020-02-16T11:09:15","guid":{"rendered":"https:\/\/consultatio.ee\/company-registration-in-estonia\/"},"modified":"2026-05-05T00:22:15","modified_gmt":"2026-05-04T21:22:15","slug":"company-registration-in-estonia","status":"publish","type":"page","link":"https:\/\/consultatio.ee\/lv\/company-registration-in-estonia\/","title":{"rendered":"Uz\u0146\u0113muma re\u0123istr\u0101cija Igaunij\u0101"},"content":{"rendered":"<p>[vc_row full_width=&#8221;stretch_row&#8221; css=&#8221;.vc_custom_1581874985839{padding-top: 30px !important;padding-bottom: 30px !important;background-color: #2e353e !important;}&#8221;][vc_column][vc_custom_heading text=&#8221;Uz\u0146\u0113muma re\u0123istr\u0101cija Igaunij\u0101&#8221; font_container=&#8221;tag:h1|text_align:center&#8221; use_theme_fonts=&#8221;yes&#8221; css=&#8221;.vc_custom_1585129969365{margin-bottom: 0px !important;}&#8221;][\/vc_column][\/vc_row][vc_row][vc_column][vc_column_text css=&#8221;.vc_custom_1777929731601{margin-bottom: 10px !important;}&#8221;]<\/p>\n<p class=\"p1\"><strong>Uz\u0146\u0113muma re\u0123istr\u0101cija Igaunij\u0101 un ES (Company Formation Estonia &amp; EU)<\/strong><\/p>\n<p class=\"p1\">M\u0113s nodro\u0161in\u0101m pilna cikla atbalstu uz\u0146\u0113muma re\u0123istr\u0101cijai Igaunij\u0101, pied\u0101v\u0101jot vair\u0101kus re\u0123istr\u0101cijas risin\u0101jumus atkar\u012bb\u0101 no j\u016bsu situ\u0101cijas un atra\u0161an\u0101s vietas.<\/p>\n<p class=\"p1\">M\u016bsu uz\u0146\u0113mumu re\u0123istr\u0101cijas pakalpojumi Igaunij\u0101 ietver:<\/p>\n<p class=\"p1\">Uz\u0146\u0113muma re\u0123istr\u0101ciju, izmantojot Igaunijas e-Rezident\u016bru (Estonian e-Residency) \u2014 iesp\u0113ja atv\u0113rt uz\u0146\u0113mumu att\u0101lin\u0101ti no jebkuras pasaules vietas<br \/>\nUz\u0146\u0113muma dibin\u0101\u0161anu kl\u0101tien\u0113 Igaunij\u0101 \u2014 O\u00dc (sabiedr\u012bbas ar ierobe\u017eotu atbild\u012bbu) re\u0123istr\u0101cija pie not\u0101ra vai Uz\u0146\u0113mumu re\u0123istr\u0101<br \/>\nUz\u0146\u0113muma re\u0123istr\u0101ciju ar pilnvaras starpniec\u012bbu \u2014 pilna procesa nodro\u0161in\u0101\u0161ana bez j\u016bsu fiziskas kl\u0101tb\u016btnes<br \/>\nVirtu\u0101lais birojs Tallin\u0101 \u2014 juridisk\u0101s adreses nodro\u0161in\u0101\u0161ana ar pasta apstr\u0101di un p\u0101rs\u016bt\u012b\u0161anu<br \/>\nPVN numura re\u0123istr\u0101cija (VAT Estonia) \u2014 pal\u012bdz\u012bba PVN maks\u0101t\u0101ja statusa ieg\u016b\u0161an\u0101 Igaunijas Nodok\u013cu un muitas p\u0101rvald\u0113<\/p>\n<p class=\"p1\"><strong><br \/>\nUz\u0146\u0113mumu re\u0123istr\u0101cija Lietuv\u0101, Polij\u0101 un Rum\u0101nij\u0101 (Company Formation EU)<\/strong><\/p>\n<p class=\"p1\">Ja pl\u0101nojat papla\u0161in\u0101t darb\u012bbu vai dibin\u0101t uz\u0146\u0113mumu Lietuv\u0101, Polij\u0101 vai Rum\u0101nij\u0101, m\u0113s nodro\u0161in\u0101m pilnu atbalstu visos posmos \u2014 no s\u0101kotn\u0113j\u0101s konsult\u0101cijas un dokumentu sagatavo\u0161anas l\u012bdz sadarb\u012bbai ar uzticamiem viet\u0113jiem gr\u0101matve\u017eiem un juridiskajiem speci\u0101listiem.<\/p>\n<p class=\"p1\">M\u016bsu praktisk\u0101 pieredze \u0161ajos tirgos \u013cauj nodro\u0161in\u0101t re\u0101lus, p\u0101rbaud\u012btus risin\u0101jumus, nevis visp\u0101r\u012bgus ieteikumus.<\/p>\n<p class=\"p2\">Neatkar\u012bgi no t\u0101, vai esat \u0101rvalstu uz\u0146\u0113m\u0113js, kas v\u0113las ieiet ES tirg\u016b, vai nerezidents, kur\u0161 mekl\u0113 stabilu Eiropas jurisdikciju biznesam, m\u0113s pal\u012bdz\u0113sim izv\u0113l\u0113ties piem\u0113rot\u0101ko strukt\u016bru un valsti \u2014 efekt\u012bvi un piln\u012bb\u0101 atbilsto\u0161i normat\u012bvajiem aktiem.<\/p>\n<p>[\/vc_column_text][\/vc_column][\/vc_row]<\/p>\n","protected":false},"excerpt":{"rendered":"<p>[vc_row full_width=&#8221;stretch_row&#8221; css=&#8221;.vc_custom_1581874985839{padding-top: 30px !important;padding-bottom: 30px !important;background-color: #2e353e !important;}&#8221;][vc_column][vc_custom_heading text=&#8221;Uz\u0146\u0113muma re\u0123istr\u0101cija Igaunij\u0101&#8221; font_container=&#8221;tag:h1|text_align:center&#8221; use_theme_fonts=&#8221;yes&#8221; css=&#8221;.vc_custom_1585129969365{margin-bottom: 0px !important;}&#8221;][\/vc_column][\/vc_row][vc_row][vc_column][vc_column_text css=&#8221;.vc_custom_1777929731601{margin-bottom: 10px !important;}&#8221;] Uz\u0146\u0113muma re\u0123istr\u0101cija Igaunij\u0101 un ES (Company Formation Estonia &amp; EU) M\u0113s nodro\u0161in\u0101m pilna cikla atbalstu uz\u0146\u0113muma re\u0123istr\u0101cijai Igaunij\u0101, pied\u0101v\u0101jot vair\u0101kus re\u0123istr\u0101cijas risin\u0101jumus atkar\u012bb\u0101 no j\u016bsu situ\u0101cijas un atra\u0161an\u0101s vietas. M\u016bsu uz\u0146\u0113mumu re\u0123istr\u0101cijas pakalpojumi Igaunij\u0101 ietver: [&hellip;]<\/p>\n","protected":false},"author":1,"featured_media":0,"parent":0,"menu_order":0,"comment_status":"closed","ping_status":"closed","template":"","meta":[],"yoast_head":"<!-- This site is optimized with the Yoast SEO plugin v18.4.1 - https:\/\/yoast.com\/wordpress\/plugins\/seo\/ -->\n<title>Uz\u0146\u0113muma re\u0123istr\u0101cija Igaunij\u0101 - Consultatio<\/title>\n<meta name=\"robots\" content=\"index, follow, max-snippet:-1, max-image-preview:large, max-video-preview:-1\" \/>\n<link rel=\"canonical\" href=\"https:\/\/consultatio.ee\/company-registration-in-estonia\/\" \/>\n<meta property=\"og:locale\" content=\"lv_LV\" \/>\n<meta property=\"og:type\" content=\"article\" \/>\n<meta property=\"og:title\" content=\"Uz\u0146\u0113muma re\u0123istr\u0101cija Igaunij\u0101 - Consultatio\" \/>\n<meta property=\"og:description\" content=\"[vc_row full_width=&#8221;stretch_row&#8221; css=&#8221;.vc_custom_1581874985839{padding-top: 30px !important;padding-bottom: 30px !important;background-color: #2e353e !important;}&#8221;][vc_column][vc_custom_heading text=&#8221;Uz\u0146\u0113muma re\u0123istr\u0101cija Igaunij\u0101&#8221; font_container=&#8221;tag:h1|text_align:center&#8221; use_theme_fonts=&#8221;yes&#8221; css=&#8221;.vc_custom_1585129969365{margin-bottom: 0px !important;}&#8221;][\/vc_column][\/vc_row][vc_row][vc_column][vc_column_text css=&#8221;.vc_custom_1777929731601{margin-bottom: 10px !important;}&#8221;] Uz\u0146\u0113muma re\u0123istr\u0101cija Igaunij\u0101 un ES (Company Formation Estonia &amp; EU) M\u0113s nodro\u0161in\u0101m pilna cikla atbalstu uz\u0146\u0113muma re\u0123istr\u0101cijai Igaunij\u0101, pied\u0101v\u0101jot vair\u0101kus re\u0123istr\u0101cijas risin\u0101jumus atkar\u012bb\u0101 no j\u016bsu situ\u0101cijas un atra\u0161an\u0101s vietas. M\u016bsu uz\u0146\u0113mumu re\u0123istr\u0101cijas pakalpojumi Igaunij\u0101 ietver: [&hellip;]\" \/>\n<meta property=\"og:url\" content=\"https:\/\/consultatio.ee\/company-registration-in-estonia\/\" \/>\n<meta property=\"og:site_name\" content=\"Consultatio\" \/>\n<meta property=\"article:modified_time\" content=\"2026-05-04T21:22:15+00:00\" \/>\n<meta name=\"twitter:card\" content=\"summary_large_image\" \/>\n<meta name=\"twitter:label1\" content=\"Est. reading time\" \/>\n\t<meta name=\"twitter:data1\" content=\"2 minutes\" \/>\n<script type=\"application\/ld+json\" class=\"yoast-schema-graph\">{\"@context\":\"https:\/\/schema.org\",\"@graph\":[{\"@type\":\"WebSite\",\"@id\":\"https:\/\/consultatio.ee\/#website\",\"url\":\"https:\/\/consultatio.ee\/\",\"name\":\"Consultatio\",\"description\":\"Consultatio\",\"potentialAction\":[{\"@type\":\"SearchAction\",\"target\":{\"@type\":\"EntryPoint\",\"urlTemplate\":\"https:\/\/consultatio.ee\/?s={search_term_string}\"},\"query-input\":\"required name=search_term_string\"}],\"inLanguage\":\"lv-LV\"},{\"@type\":\"WebPage\",\"@id\":\"https:\/\/consultatio.ee\/company-registration-in-estonia\/#webpage\",\"url\":\"https:\/\/consultatio.ee\/company-registration-in-estonia\/\",\"name\":\"Uz\u0146\u0113muma re\u0123istr\u0101cija Igaunij\u0101 - Consultatio\",\"isPartOf\":{\"@id\":\"https:\/\/consultatio.ee\/#website\"},\"datePublished\":\"2020-02-16T11:09:15+00:00\",\"dateModified\":\"2026-05-04T21:22:15+00:00\",\"breadcrumb\":{\"@id\":\"https:\/\/consultatio.ee\/company-registration-in-estonia\/#breadcrumb\"},\"inLanguage\":\"lv-LV\",\"potentialAction\":[{\"@type\":\"ReadAction\",\"target\":[\"https:\/\/consultatio.ee\/company-registration-in-estonia\/\"]}]},{\"@type\":\"BreadcrumbList\",\"@id\":\"https:\/\/consultatio.ee\/company-registration-in-estonia\/#breadcrumb\",\"itemListElement\":[{\"@type\":\"ListItem\",\"position\":1,\"name\":\"Home\",\"item\":\"https:\/\/consultatio.ee\/lv\/\"},{\"@type\":\"ListItem\",\"position\":2,\"name\":\"Uz\u0146\u0113muma re\u0123istr\u0101cija Igaunij\u0101\"}]}]}<\/script>\n<!-- \/ Yoast SEO plugin. -->","yoast_head_json":{"title":"Uz\u0146\u0113muma re\u0123istr\u0101cija Igaunij\u0101 - Consultatio","robots":{"index":"index","follow":"follow","max-snippet":"max-snippet:-1","max-image-preview":"max-image-preview:large","max-video-preview":"max-video-preview:-1"},"canonical":"https:\/\/consultatio.ee\/company-registration-in-estonia\/","og_locale":"lv_LV","og_type":"article","og_title":"Uz\u0146\u0113muma re\u0123istr\u0101cija Igaunij\u0101 - Consultatio","og_description":"[vc_row full_width=&#8221;stretch_row&#8221; css=&#8221;.vc_custom_1581874985839{padding-top: 30px !important;padding-bottom: 30px !important;background-color: #2e353e !important;}&#8221;][vc_column][vc_custom_heading text=&#8221;Uz\u0146\u0113muma re\u0123istr\u0101cija Igaunij\u0101&#8221; font_container=&#8221;tag:h1|text_align:center&#8221; use_theme_fonts=&#8221;yes&#8221; css=&#8221;.vc_custom_1585129969365{margin-bottom: 0px !important;}&#8221;][\/vc_column][\/vc_row][vc_row][vc_column][vc_column_text css=&#8221;.vc_custom_1777929731601{margin-bottom: 10px !important;}&#8221;] Uz\u0146\u0113muma re\u0123istr\u0101cija Igaunij\u0101 un ES (Company Formation Estonia &amp; EU) M\u0113s nodro\u0161in\u0101m pilna cikla atbalstu uz\u0146\u0113muma re\u0123istr\u0101cijai Igaunij\u0101, pied\u0101v\u0101jot vair\u0101kus re\u0123istr\u0101cijas risin\u0101jumus atkar\u012bb\u0101 no j\u016bsu situ\u0101cijas un atra\u0161an\u0101s vietas. M\u016bsu uz\u0146\u0113mumu re\u0123istr\u0101cijas pakalpojumi Igaunij\u0101 ietver: [&hellip;]","og_url":"https:\/\/consultatio.ee\/company-registration-in-estonia\/","og_site_name":"Consultatio","article_modified_time":"2026-05-04T21:22:15+00:00","twitter_card":"summary_large_image","twitter_misc":{"Est. reading time":"2 minutes"},"schema":{"@context":"https:\/\/schema.org","@graph":[{"@type":"WebSite","@id":"https:\/\/consultatio.ee\/#website","url":"https:\/\/consultatio.ee\/","name":"Consultatio","description":"Consultatio","potentialAction":[{"@type":"SearchAction","target":{"@type":"EntryPoint","urlTemplate":"https:\/\/consultatio.ee\/?s={search_term_string}"},"query-input":"required name=search_term_string"}],"inLanguage":"lv-LV"},{"@type":"WebPage","@id":"https:\/\/consultatio.ee\/company-registration-in-estonia\/#webpage","url":"https:\/\/consultatio.ee\/company-registration-in-estonia\/","name":"Uz\u0146\u0113muma re\u0123istr\u0101cija Igaunij\u0101 - Consultatio","isPartOf":{"@id":"https:\/\/consultatio.ee\/#website"},"datePublished":"2020-02-16T11:09:15+00:00","dateModified":"2026-05-04T21:22:15+00:00","breadcrumb":{"@id":"https:\/\/consultatio.ee\/company-registration-in-estonia\/#breadcrumb"},"inLanguage":"lv-LV","potentialAction":[{"@type":"ReadAction","target":["https:\/\/consultatio.ee\/company-registration-in-estonia\/"]}]},{"@type":"BreadcrumbList","@id":"https:\/\/consultatio.ee\/company-registration-in-estonia\/#breadcrumb","itemListElement":[{"@type":"ListItem","position":1,"name":"Home","item":"https:\/\/consultatio.ee\/lv\/"},{"@type":"ListItem","position":2,"name":"Uz\u0146\u0113muma re\u0123istr\u0101cija Igaunij\u0101"}]}]}},"_links":{"self":[{"href":"https:\/\/consultatio.ee\/lv\/wp-json\/wp\/v2\/pages\/1111"}],"collection":[{"href":"https:\/\/consultatio.ee\/lv\/wp-json\/wp\/v2\/pages"}],"about":[{"href":"https:\/\/consultatio.ee\/lv\/wp-json\/wp\/v2\/types\/page"}],"author":[{"embeddable":true,"href":"https:\/\/consultatio.ee\/lv\/wp-json\/wp\/v2\/users\/1"}],"replies":[{"embeddable":true,"href":"https:\/\/consultatio.ee\/lv\/wp-json\/wp\/v2\/comments?post=1111"}],"version-history":[{"count":11,"href":"https:\/\/consultatio.ee\/lv\/wp-json\/wp\/v2\/pages\/1111\/revisions"}],"predecessor-version":[{"id":1266,"href":"https:\/\/consultatio.ee\/lv\/wp-json\/wp\/v2\/pages\/1111\/revisions\/1266"}],"wp:attachment":[{"href":"https:\/\/consultatio.ee\/lv\/wp-json\/wp\/v2\/media?parent=1111"}],"curies":[{"name":"wp","href":"https:\/\/api.w.org\/{rel}","templated":true}]}}