{"id":1110,"date":"2020-02-17T07:30:47","date_gmt":"2020-02-17T07:30:47","guid":{"rendered":"https:\/\/consultatio.ee\/accounting-services\/"},"modified":"2026-05-05T00:27:29","modified_gmt":"2026-05-04T21:27:29","slug":"accounting-services","status":"publish","type":"page","link":"https:\/\/consultatio.ee\/lv\/accounting-services\/","title":{"rendered":"Gr\u0101matved\u012bbas pakalpojumi"},"content":{"rendered":"<p>[vc_row full_width=&#8221;stretch_row&#8221; css=&#8221;.vc_custom_1581874985839{padding-top: 30px !important;padding-bottom: 30px !important;background-color: #2e353e !important;}&#8221;][vc_column][vc_custom_heading text=&#8221;Gr\u0101matved\u012bbas pakalpojumi&#8221; font_container=&#8221;tag:h1|text_align:center&#8221; use_theme_fonts=&#8221;yes&#8221; css=&#8221;.vc_custom_1584953364477{margin-bottom: 0px !important;}&#8221;][\/vc_column][\/vc_row][vc_row][vc_column][vc_column_text]<\/p>\n<p class=\"p1\">M\u0113s nodro\u0161in\u0101m pilna apjoma gr\u0101matved\u012bbas un nodok\u013cu pakalpojumus visu izm\u0113ru uz\u0146\u0113mumiem, kas re\u0123istr\u0113ti Igaunij\u0101 \u2014 no jaunuz\u0146\u0113mumiem un mazajiem uz\u0146\u0113mumiem l\u012bdz stabil\u0101m komp\u0101nij\u0101m ar PVN saist\u012bb\u0101m.<\/p>\n<p class=\"p2\">M\u016bsu pakalpojumi ietver:<\/p>\n<ul>\n<li>Gr\u0101matved\u012bbas un nodok\u013cu uzskaiti<\/li>\n<li>Darba algu apr\u0113\u0137inu un person\u0101la uzskaiti<\/li>\n<li>Finan\u0161u p\u0101rskatu, nodok\u013cu deklar\u0101ciju un statistikas atskai\u0161u sagatavo\u0161anu un iesnieg\u0161anu<\/li>\n<li>Nodok\u013cu pl\u0101no\u0161anu un konsult\u0101cijas par normat\u012bvo aktu iev\u0113ro\u0161anu<\/li>\n<li>P\u0101rst\u0101v\u012bbu Igaunijas Nodok\u013cu un muitas p\u0101rvald\u0113 auditu un p\u0101rbau\u017eu laik\u0101<\/li>\n<li>Past\u0101v\u012bgu gr\u0101matved\u012bbas un nodok\u013cu konsultat\u012bvo atbalstu<\/li>\n<\/ul>\n<p class=\"p1\">M\u0113s str\u0101d\u0101jam ar klientiem ang\u013cu, latvie\u0161u un krievu valod\u0101, pied\u0101v\u0101jot piln\u012bb\u0101 integr\u0113tus risin\u0101jumus, kas piel\u0101goti j\u016bsu uz\u0146\u0113muma vajadz\u012bb\u0101m.<\/p>\n<p class=\"p4\">Neatkar\u012bgi no t\u0101, vai esat viet\u0113jais uz\u0146\u0113mums vai \u0101rvalstu uz\u0146\u0113mums, kas darbojas Igaunij\u0101, m\u0113s nodro\u0161in\u0101m prec\u012bzu uzskaiti, atbilst\u012bbu normat\u012bvajiem aktiem un dro\u0161\u012bbu finan\u0161u jaut\u0101jumos.<\/p>\n<p>[\/vc_column_text][\/vc_column][\/vc_row]<\/p>\n","protected":false},"excerpt":{"rendered":"<p>[vc_row full_width=&#8221;stretch_row&#8221; css=&#8221;.vc_custom_1581874985839{padding-top: 30px !important;padding-bottom: 30px !important;background-color: #2e353e !important;}&#8221;][vc_column][vc_custom_heading text=&#8221;Gr\u0101matved\u012bbas pakalpojumi&#8221; font_container=&#8221;tag:h1|text_align:center&#8221; use_theme_fonts=&#8221;yes&#8221; css=&#8221;.vc_custom_1584953364477{margin-bottom: 0px !important;}&#8221;][\/vc_column][\/vc_row][vc_row][vc_column][vc_column_text] M\u0113s nodro\u0161in\u0101m pilna apjoma gr\u0101matved\u012bbas un nodok\u013cu pakalpojumus visu izm\u0113ru uz\u0146\u0113mumiem, kas re\u0123istr\u0113ti Igaunij\u0101 \u2014 no jaunuz\u0146\u0113mumiem un mazajiem uz\u0146\u0113mumiem l\u012bdz stabil\u0101m komp\u0101nij\u0101m ar PVN saist\u012bb\u0101m. M\u016bsu pakalpojumi ietver: Gr\u0101matved\u012bbas un nodok\u013cu uzskaiti Darba algu apr\u0113\u0137inu un person\u0101la uzskaiti [&hellip;]<\/p>\n","protected":false},"author":1,"featured_media":0,"parent":0,"menu_order":0,"comment_status":"closed","ping_status":"closed","template":"","meta":[],"yoast_head":"<!-- This site is optimized with the Yoast SEO plugin v18.4.1 - https:\/\/yoast.com\/wordpress\/plugins\/seo\/ -->\n<title>Gr\u0101matved\u012bbas pakalpojumi - Consultatio<\/title>\n<meta name=\"robots\" content=\"index, follow, max-snippet:-1, max-image-preview:large, max-video-preview:-1\" \/>\n<link rel=\"canonical\" href=\"https:\/\/consultatio.ee\/accounting-services\/\" \/>\n<meta property=\"og:locale\" content=\"lv_LV\" \/>\n<meta property=\"og:type\" content=\"article\" \/>\n<meta property=\"og:title\" content=\"Gr\u0101matved\u012bbas pakalpojumi - Consultatio\" \/>\n<meta property=\"og:description\" content=\"[vc_row full_width=&#8221;stretch_row&#8221; css=&#8221;.vc_custom_1581874985839{padding-top: 30px !important;padding-bottom: 30px !important;background-color: #2e353e !important;}&#8221;][vc_column][vc_custom_heading text=&#8221;Gr\u0101matved\u012bbas pakalpojumi&#8221; font_container=&#8221;tag:h1|text_align:center&#8221; use_theme_fonts=&#8221;yes&#8221; css=&#8221;.vc_custom_1584953364477{margin-bottom: 0px !important;}&#8221;][\/vc_column][\/vc_row][vc_row][vc_column][vc_column_text] M\u0113s nodro\u0161in\u0101m pilna apjoma gr\u0101matved\u012bbas un nodok\u013cu pakalpojumus visu izm\u0113ru uz\u0146\u0113mumiem, kas re\u0123istr\u0113ti Igaunij\u0101 \u2014 no jaunuz\u0146\u0113mumiem un mazajiem uz\u0146\u0113mumiem l\u012bdz stabil\u0101m komp\u0101nij\u0101m ar PVN saist\u012bb\u0101m. M\u016bsu pakalpojumi ietver: Gr\u0101matved\u012bbas un nodok\u013cu uzskaiti Darba algu apr\u0113\u0137inu un person\u0101la uzskaiti [&hellip;]\" \/>\n<meta property=\"og:url\" content=\"https:\/\/consultatio.ee\/accounting-services\/\" \/>\n<meta property=\"og:site_name\" content=\"Consultatio\" \/>\n<meta property=\"article:modified_time\" content=\"2026-05-04T21:27:29+00:00\" \/>\n<meta name=\"twitter:card\" content=\"summary_large_image\" \/>\n<meta name=\"twitter:label1\" content=\"Est. reading time\" \/>\n\t<meta name=\"twitter:data1\" content=\"1 minute\" \/>\n<script type=\"application\/ld+json\" class=\"yoast-schema-graph\">{\"@context\":\"https:\/\/schema.org\",\"@graph\":[{\"@type\":\"WebSite\",\"@id\":\"https:\/\/consultatio.ee\/#website\",\"url\":\"https:\/\/consultatio.ee\/\",\"name\":\"Consultatio\",\"description\":\"Consultatio\",\"potentialAction\":[{\"@type\":\"SearchAction\",\"target\":{\"@type\":\"EntryPoint\",\"urlTemplate\":\"https:\/\/consultatio.ee\/?s={search_term_string}\"},\"query-input\":\"required name=search_term_string\"}],\"inLanguage\":\"lv-LV\"},{\"@type\":\"WebPage\",\"@id\":\"https:\/\/consultatio.ee\/accounting-services\/#webpage\",\"url\":\"https:\/\/consultatio.ee\/accounting-services\/\",\"name\":\"Gr\u0101matved\u012bbas pakalpojumi - Consultatio\",\"isPartOf\":{\"@id\":\"https:\/\/consultatio.ee\/#website\"},\"datePublished\":\"2020-02-17T07:30:47+00:00\",\"dateModified\":\"2026-05-04T21:27:29+00:00\",\"breadcrumb\":{\"@id\":\"https:\/\/consultatio.ee\/accounting-services\/#breadcrumb\"},\"inLanguage\":\"lv-LV\",\"potentialAction\":[{\"@type\":\"ReadAction\",\"target\":[\"https:\/\/consultatio.ee\/accounting-services\/\"]}]},{\"@type\":\"BreadcrumbList\",\"@id\":\"https:\/\/consultatio.ee\/accounting-services\/#breadcrumb\",\"itemListElement\":[{\"@type\":\"ListItem\",\"position\":1,\"name\":\"Home\",\"item\":\"https:\/\/consultatio.ee\/lv\/\"},{\"@type\":\"ListItem\",\"position\":2,\"name\":\"Gr\u0101matved\u012bbas pakalpojumi\"}]}]}<\/script>\n<!-- \/ Yoast SEO plugin. -->","yoast_head_json":{"title":"Gr\u0101matved\u012bbas pakalpojumi - Consultatio","robots":{"index":"index","follow":"follow","max-snippet":"max-snippet:-1","max-image-preview":"max-image-preview:large","max-video-preview":"max-video-preview:-1"},"canonical":"https:\/\/consultatio.ee\/accounting-services\/","og_locale":"lv_LV","og_type":"article","og_title":"Gr\u0101matved\u012bbas pakalpojumi - Consultatio","og_description":"[vc_row full_width=&#8221;stretch_row&#8221; css=&#8221;.vc_custom_1581874985839{padding-top: 30px !important;padding-bottom: 30px !important;background-color: #2e353e !important;}&#8221;][vc_column][vc_custom_heading text=&#8221;Gr\u0101matved\u012bbas pakalpojumi&#8221; font_container=&#8221;tag:h1|text_align:center&#8221; use_theme_fonts=&#8221;yes&#8221; css=&#8221;.vc_custom_1584953364477{margin-bottom: 0px !important;}&#8221;][\/vc_column][\/vc_row][vc_row][vc_column][vc_column_text] M\u0113s nodro\u0161in\u0101m pilna apjoma gr\u0101matved\u012bbas un nodok\u013cu pakalpojumus visu izm\u0113ru uz\u0146\u0113mumiem, kas re\u0123istr\u0113ti Igaunij\u0101 \u2014 no jaunuz\u0146\u0113mumiem un mazajiem uz\u0146\u0113mumiem l\u012bdz stabil\u0101m komp\u0101nij\u0101m ar PVN saist\u012bb\u0101m. M\u016bsu pakalpojumi ietver: Gr\u0101matved\u012bbas un nodok\u013cu uzskaiti Darba algu apr\u0113\u0137inu un person\u0101la uzskaiti [&hellip;]","og_url":"https:\/\/consultatio.ee\/accounting-services\/","og_site_name":"Consultatio","article_modified_time":"2026-05-04T21:27:29+00:00","twitter_card":"summary_large_image","twitter_misc":{"Est. reading time":"1 minute"},"schema":{"@context":"https:\/\/schema.org","@graph":[{"@type":"WebSite","@id":"https:\/\/consultatio.ee\/#website","url":"https:\/\/consultatio.ee\/","name":"Consultatio","description":"Consultatio","potentialAction":[{"@type":"SearchAction","target":{"@type":"EntryPoint","urlTemplate":"https:\/\/consultatio.ee\/?s={search_term_string}"},"query-input":"required name=search_term_string"}],"inLanguage":"lv-LV"},{"@type":"WebPage","@id":"https:\/\/consultatio.ee\/accounting-services\/#webpage","url":"https:\/\/consultatio.ee\/accounting-services\/","name":"Gr\u0101matved\u012bbas pakalpojumi - Consultatio","isPartOf":{"@id":"https:\/\/consultatio.ee\/#website"},"datePublished":"2020-02-17T07:30:47+00:00","dateModified":"2026-05-04T21:27:29+00:00","breadcrumb":{"@id":"https:\/\/consultatio.ee\/accounting-services\/#breadcrumb"},"inLanguage":"lv-LV","potentialAction":[{"@type":"ReadAction","target":["https:\/\/consultatio.ee\/accounting-services\/"]}]},{"@type":"BreadcrumbList","@id":"https:\/\/consultatio.ee\/accounting-services\/#breadcrumb","itemListElement":[{"@type":"ListItem","position":1,"name":"Home","item":"https:\/\/consultatio.ee\/lv\/"},{"@type":"ListItem","position":2,"name":"Gr\u0101matved\u012bbas pakalpojumi"}]}]}},"_links":{"self":[{"href":"https:\/\/consultatio.ee\/lv\/wp-json\/wp\/v2\/pages\/1110"}],"collection":[{"href":"https:\/\/consultatio.ee\/lv\/wp-json\/wp\/v2\/pages"}],"about":[{"href":"https:\/\/consultatio.ee\/lv\/wp-json\/wp\/v2\/types\/page"}],"author":[{"embeddable":true,"href":"https:\/\/consultatio.ee\/lv\/wp-json\/wp\/v2\/users\/1"}],"replies":[{"embeddable":true,"href":"https:\/\/consultatio.ee\/lv\/wp-json\/wp\/v2\/comments?post=1110"}],"version-history":[{"count":4,"href":"https:\/\/consultatio.ee\/lv\/wp-json\/wp\/v2\/pages\/1110\/revisions"}],"predecessor-version":[{"id":1270,"href":"https:\/\/consultatio.ee\/lv\/wp-json\/wp\/v2\/pages\/1110\/revisions\/1270"}],"wp:attachment":[{"href":"https:\/\/consultatio.ee\/lv\/wp-json\/wp\/v2\/media?parent=1110"}],"curies":[{"name":"wp","href":"https:\/\/api.w.org\/{rel}","templated":true}]}}