{"id":1108,"date":"2020-02-17T07:31:27","date_gmt":"2020-02-17T07:31:27","guid":{"rendered":"https:\/\/consultatio.ee\/liquidation\/"},"modified":"2020-07-16T10:44:52","modified_gmt":"2020-07-16T07:44:52","slug":"liquidation","status":"publish","type":"page","link":"https:\/\/consultatio.ee\/lv\/liquidation\/","title":{"rendered":"Uz\u0146\u0113muma likvid\u0101cija vai bankrots"},"content":{"rendered":"<p>[vc_row full_width=&#8221;stretch_row&#8221; css=&#8221;.vc_custom_1581874985839{padding-top: 30px !important;padding-bottom: 30px !important;background-color: #2e353e !important;}&#8221;][vc_column][vc_custom_heading text=&#8221;Uz\u0146\u0113muma likvid\u0101cija vai bankrots&#8221; font_container=&#8221;tag:h1|text_align:center&#8221; use_theme_fonts=&#8221;yes&#8221; css=&#8221;.vc_custom_1584954093351{margin-bottom: 0px !important;}&#8221;][\/vc_column][\/vc_row][vc_row][vc_column][vc_column_text]<\/p>\n<h2>Likvid\u0101cija<\/h2>\n<p>[\/vc_column_text][vc_empty_space height=&#8221;15px&#8221;][vc_column_text]Ir sapr\u0101t\u012bgi likvid\u0113t uz\u0146\u0113mumu, ja:<\/p>\n<ul>\n<li>M\u0113r\u0137i ir izsmelti<\/li>\n<li>Starp \u012bpa\u0161niekiem ir pretrunas<\/li>\n<li>Ir par\u0101di<\/li>\n<li>Radu\u0161ies str\u012bdi ar darbiniekiem<\/li>\n<li>Citi str\u012bdi, kurus nevar\u0113ja atrisin\u0101t<\/li>\n<li>Nepiln\u012bb\u0101s gr\u0101matved\u012bb\u0101<\/li>\n<li>Citos komerci\u0101los un likumos noteiktajos gad\u012bjumos.<\/li>\n<\/ul>\n<p>[\/vc_column_text][vc_empty_space height=&#8221;15px&#8221;][\/vc_column][\/vc_row][vc_row][vc_column][vc_column_text]<\/p>\n<h2>Uz\u0146\u0113muma p\u0101rdo\u0161ana l\u012bdz ar likvid\u0101ciju<\/h2>\n<p>[\/vc_column_text][vc_column_text]Uz\u0146\u0113muma p\u0101rdo\u0161ana l\u012bdz ar likvid\u0101ciju ir lab\u0101k\u0101 izv\u0113le, ja uz\u0146\u0113mumam ir:<\/p>\n<ul>\n<li>Par\u0101di<\/li>\n<li>Ilga tiesved\u012bba.<\/li>\n<li>Pretrunas starp \u012bpa\u0161niekiem<\/li>\n<li>Nodok\u013cu par\u0101di<\/li>\n<li>Kontaktu neesam\u012bba ar vad\u012bbu<\/li>\n<li>Str\u012bdi ar darbiniekiem.<\/li>\n<li>Ielaista vai neuzs\u0101kta gr\u0101matved\u012bba.<\/li>\n<\/ul>\n<p>[\/vc_column_text][vc_empty_space height=&#8221;15px&#8221;][\/vc_column][\/vc_row]<\/p>\n","protected":false},"excerpt":{"rendered":"<p>[vc_row full_width=&#8221;stretch_row&#8221; css=&#8221;.vc_custom_1581874985839{padding-top: 30px !important;padding-bottom: 30px !important;background-color: #2e353e !important;}&#8221;][vc_column][vc_custom_heading text=&#8221;Uz\u0146\u0113muma likvid\u0101cija vai bankrots&#8221; font_container=&#8221;tag:h1|text_align:center&#8221; use_theme_fonts=&#8221;yes&#8221; css=&#8221;.vc_custom_1584954093351{margin-bottom: 0px !important;}&#8221;][\/vc_column][\/vc_row][vc_row][vc_column][vc_column_text] Likvid\u0101cija [\/vc_column_text][vc_empty_space height=&#8221;15px&#8221;][vc_column_text]Ir sapr\u0101t\u012bgi likvid\u0113t uz\u0146\u0113mumu, ja: M\u0113r\u0137i ir izsmelti Starp \u012bpa\u0161niekiem ir pretrunas Ir par\u0101di Radu\u0161ies str\u012bdi ar darbiniekiem Citi str\u012bdi, kurus nevar\u0113ja atrisin\u0101t Nepiln\u012bb\u0101s gr\u0101matved\u012bb\u0101 Citos komerci\u0101los un likumos noteiktajos gad\u012bjumos. [\/vc_column_text][vc_empty_space height=&#8221;15px&#8221;][\/vc_column][\/vc_row][vc_row][vc_column][vc_column_text] Uz\u0146\u0113muma p\u0101rdo\u0161ana [&hellip;]<\/p>\n","protected":false},"author":1,"featured_media":0,"parent":0,"menu_order":0,"comment_status":"closed","ping_status":"closed","template":"","meta":[],"yoast_head":"<!-- This site is optimized with the Yoast SEO plugin v18.4.1 - https:\/\/yoast.com\/wordpress\/plugins\/seo\/ -->\n<title>Uz\u0146\u0113muma likvid\u0101cija vai bankrots - Consultatio<\/title>\n<meta name=\"robots\" content=\"index, follow, max-snippet:-1, max-image-preview:large, max-video-preview:-1\" \/>\n<link rel=\"canonical\" href=\"https:\/\/consultatio.ee\/lv\/liquidation\/\" \/>\n<meta property=\"og:locale\" content=\"lv_LV\" \/>\n<meta property=\"og:type\" content=\"article\" \/>\n<meta property=\"og:title\" content=\"Uz\u0146\u0113muma likvid\u0101cija vai bankrots - Consultatio\" \/>\n<meta property=\"og:description\" content=\"[vc_row full_width=&#8221;stretch_row&#8221; css=&#8221;.vc_custom_1581874985839{padding-top: 30px !important;padding-bottom: 30px !important;background-color: #2e353e !important;}&#8221;][vc_column][vc_custom_heading text=&#8221;Uz\u0146\u0113muma likvid\u0101cija vai bankrots&#8221; font_container=&#8221;tag:h1|text_align:center&#8221; use_theme_fonts=&#8221;yes&#8221; css=&#8221;.vc_custom_1584954093351{margin-bottom: 0px !important;}&#8221;][\/vc_column][\/vc_row][vc_row][vc_column][vc_column_text] Likvid\u0101cija [\/vc_column_text][vc_empty_space height=&#8221;15px&#8221;][vc_column_text]Ir sapr\u0101t\u012bgi likvid\u0113t uz\u0146\u0113mumu, ja: M\u0113r\u0137i ir izsmelti Starp \u012bpa\u0161niekiem ir pretrunas Ir par\u0101di Radu\u0161ies str\u012bdi ar darbiniekiem Citi str\u012bdi, kurus nevar\u0113ja atrisin\u0101t Nepiln\u012bb\u0101s gr\u0101matved\u012bb\u0101 Citos komerci\u0101los un likumos noteiktajos gad\u012bjumos. [\/vc_column_text][vc_empty_space height=&#8221;15px&#8221;][\/vc_column][\/vc_row][vc_row][vc_column][vc_column_text] Uz\u0146\u0113muma p\u0101rdo\u0161ana [&hellip;]\" \/>\n<meta property=\"og:url\" content=\"https:\/\/consultatio.ee\/lv\/liquidation\/\" \/>\n<meta property=\"og:site_name\" content=\"Consultatio\" \/>\n<meta property=\"article:modified_time\" content=\"2020-07-16T07:44:52+00:00\" \/>\n<meta name=\"twitter:card\" content=\"summary_large_image\" \/>\n<meta name=\"twitter:label1\" content=\"Est. reading time\" \/>\n\t<meta name=\"twitter:data1\" content=\"1 minute\" \/>\n<script type=\"application\/ld+json\" class=\"yoast-schema-graph\">{\"@context\":\"https:\/\/schema.org\",\"@graph\":[{\"@type\":\"WebSite\",\"@id\":\"https:\/\/consultatio.ee\/#website\",\"url\":\"https:\/\/consultatio.ee\/\",\"name\":\"Consultatio\",\"description\":\"Consultatio\",\"potentialAction\":[{\"@type\":\"SearchAction\",\"target\":{\"@type\":\"EntryPoint\",\"urlTemplate\":\"https:\/\/consultatio.ee\/?s={search_term_string}\"},\"query-input\":\"required name=search_term_string\"}],\"inLanguage\":\"lv-LV\"},{\"@type\":\"WebPage\",\"@id\":\"https:\/\/consultatio.ee\/lv\/liquidation\/#webpage\",\"url\":\"https:\/\/consultatio.ee\/lv\/liquidation\/\",\"name\":\"Uz\u0146\u0113muma likvid\u0101cija vai bankrots - Consultatio\",\"isPartOf\":{\"@id\":\"https:\/\/consultatio.ee\/#website\"},\"datePublished\":\"2020-02-17T07:31:27+00:00\",\"dateModified\":\"2020-07-16T07:44:52+00:00\",\"breadcrumb\":{\"@id\":\"https:\/\/consultatio.ee\/lv\/liquidation\/#breadcrumb\"},\"inLanguage\":\"lv-LV\",\"potentialAction\":[{\"@type\":\"ReadAction\",\"target\":[\"https:\/\/consultatio.ee\/lv\/liquidation\/\"]}]},{\"@type\":\"BreadcrumbList\",\"@id\":\"https:\/\/consultatio.ee\/lv\/liquidation\/#breadcrumb\",\"itemListElement\":[{\"@type\":\"ListItem\",\"position\":1,\"name\":\"Home\",\"item\":\"https:\/\/consultatio.ee\/lv\/\"},{\"@type\":\"ListItem\",\"position\":2,\"name\":\"Uz\u0146\u0113muma likvid\u0101cija vai bankrots\"}]}]}<\/script>\n<!-- \/ Yoast SEO plugin. -->","yoast_head_json":{"title":"Uz\u0146\u0113muma likvid\u0101cija vai bankrots - Consultatio","robots":{"index":"index","follow":"follow","max-snippet":"max-snippet:-1","max-image-preview":"max-image-preview:large","max-video-preview":"max-video-preview:-1"},"canonical":"https:\/\/consultatio.ee\/lv\/liquidation\/","og_locale":"lv_LV","og_type":"article","og_title":"Uz\u0146\u0113muma likvid\u0101cija vai bankrots - Consultatio","og_description":"[vc_row full_width=&#8221;stretch_row&#8221; css=&#8221;.vc_custom_1581874985839{padding-top: 30px !important;padding-bottom: 30px !important;background-color: #2e353e !important;}&#8221;][vc_column][vc_custom_heading text=&#8221;Uz\u0146\u0113muma likvid\u0101cija vai bankrots&#8221; font_container=&#8221;tag:h1|text_align:center&#8221; use_theme_fonts=&#8221;yes&#8221; css=&#8221;.vc_custom_1584954093351{margin-bottom: 0px !important;}&#8221;][\/vc_column][\/vc_row][vc_row][vc_column][vc_column_text] Likvid\u0101cija [\/vc_column_text][vc_empty_space height=&#8221;15px&#8221;][vc_column_text]Ir sapr\u0101t\u012bgi likvid\u0113t uz\u0146\u0113mumu, ja: M\u0113r\u0137i ir izsmelti Starp \u012bpa\u0161niekiem ir pretrunas Ir par\u0101di Radu\u0161ies str\u012bdi ar darbiniekiem Citi str\u012bdi, kurus nevar\u0113ja atrisin\u0101t Nepiln\u012bb\u0101s gr\u0101matved\u012bb\u0101 Citos komerci\u0101los un likumos noteiktajos gad\u012bjumos. [\/vc_column_text][vc_empty_space height=&#8221;15px&#8221;][\/vc_column][\/vc_row][vc_row][vc_column][vc_column_text] Uz\u0146\u0113muma p\u0101rdo\u0161ana [&hellip;]","og_url":"https:\/\/consultatio.ee\/lv\/liquidation\/","og_site_name":"Consultatio","article_modified_time":"2020-07-16T07:44:52+00:00","twitter_card":"summary_large_image","twitter_misc":{"Est. reading time":"1 minute"},"schema":{"@context":"https:\/\/schema.org","@graph":[{"@type":"WebSite","@id":"https:\/\/consultatio.ee\/#website","url":"https:\/\/consultatio.ee\/","name":"Consultatio","description":"Consultatio","potentialAction":[{"@type":"SearchAction","target":{"@type":"EntryPoint","urlTemplate":"https:\/\/consultatio.ee\/?s={search_term_string}"},"query-input":"required name=search_term_string"}],"inLanguage":"lv-LV"},{"@type":"WebPage","@id":"https:\/\/consultatio.ee\/lv\/liquidation\/#webpage","url":"https:\/\/consultatio.ee\/lv\/liquidation\/","name":"Uz\u0146\u0113muma likvid\u0101cija vai bankrots - Consultatio","isPartOf":{"@id":"https:\/\/consultatio.ee\/#website"},"datePublished":"2020-02-17T07:31:27+00:00","dateModified":"2020-07-16T07:44:52+00:00","breadcrumb":{"@id":"https:\/\/consultatio.ee\/lv\/liquidation\/#breadcrumb"},"inLanguage":"lv-LV","potentialAction":[{"@type":"ReadAction","target":["https:\/\/consultatio.ee\/lv\/liquidation\/"]}]},{"@type":"BreadcrumbList","@id":"https:\/\/consultatio.ee\/lv\/liquidation\/#breadcrumb","itemListElement":[{"@type":"ListItem","position":1,"name":"Home","item":"https:\/\/consultatio.ee\/lv\/"},{"@type":"ListItem","position":2,"name":"Uz\u0146\u0113muma likvid\u0101cija vai bankrots"}]}]}},"_links":{"self":[{"href":"https:\/\/consultatio.ee\/lv\/wp-json\/wp\/v2\/pages\/1108"}],"collection":[{"href":"https:\/\/consultatio.ee\/lv\/wp-json\/wp\/v2\/pages"}],"about":[{"href":"https:\/\/consultatio.ee\/lv\/wp-json\/wp\/v2\/types\/page"}],"author":[{"embeddable":true,"href":"https:\/\/consultatio.ee\/lv\/wp-json\/wp\/v2\/users\/1"}],"replies":[{"embeddable":true,"href":"https:\/\/consultatio.ee\/lv\/wp-json\/wp\/v2\/comments?post=1108"}],"version-history":[{"count":3,"href":"https:\/\/consultatio.ee\/lv\/wp-json\/wp\/v2\/pages\/1108\/revisions"}],"predecessor-version":[{"id":1228,"href":"https:\/\/consultatio.ee\/lv\/wp-json\/wp\/v2\/pages\/1108\/revisions\/1228"}],"wp:attachment":[{"href":"https:\/\/consultatio.ee\/lv\/wp-json\/wp\/v2\/media?parent=1108"}],"curies":[{"name":"wp","href":"https:\/\/api.w.org\/{rel}","templated":true}]}}