{"id":1105,"date":"2020-02-17T07:32:18","date_gmt":"2020-02-17T07:32:18","guid":{"rendered":"https:\/\/consultatio.ee\/help-in-registration-in-estonia\/"},"modified":"2026-05-05T00:29:26","modified_gmt":"2026-05-04T21:29:26","slug":"help-in-registration-in-estonia","status":"publish","type":"page","link":"https:\/\/consultatio.ee\/lv\/help-in-registration-in-estonia\/","title":{"rendered":"Pal\u012bdz\u012bba uztur\u0113\u0161an\u0101s at\u013caujas ieg\u016b\u0161an\u0101"},"content":{"rendered":"<p>[vc_row full_width=&#8221;stretch_row&#8221; css=&#8221;.vc_custom_1581874985839{padding-top: 30px !important;padding-bottom: 30px !important;background-color: #2e353e !important;}&#8221;][vc_column][vc_custom_heading text=&#8221;Pal\u012bdz\u012bba uztur\u0113\u0161an\u0101s at\u013caujas ieg\u016b\u0161an\u0101&#8221; font_container=&#8221;tag:h1|text_align:center&#8221; use_theme_fonts=&#8221;yes&#8221; css=&#8221;.vc_custom_1584953592054{margin-bottom: 0px !important;}&#8221;][\/vc_column][\/vc_row][vc_row][vc_column][vc_column_text]<\/p>\n<p class=\"p1\">Igaunija pied\u0101v\u0101 vienu no pieejam\u0101kaj\u0101m un digit\u0101li att\u012bst\u012bt\u0101kaj\u0101m rezident\u016bras sist\u0113m\u0101m Baltijas re\u0123ion\u0101, padarot to par pievilc\u012bgu izv\u0113li tiem, kas v\u0113las p\u0101rcelties, str\u0101d\u0101t vai veikt uz\u0146\u0113m\u0113jdarb\u012bbu Eiropas Savien\u012bb\u0101.<\/p>\n<p class=\"p1\">Uztur\u0113\u0161an\u0101s at\u013cauja \u2014 pieteik\u0161an\u0101s pamati<\/p>\n<p class=\"p1\">Tre\u0161o valstu pilso\u0146iem nepiecie\u0161ama pagaidu uztur\u0113\u0161an\u0101s at\u013cauja, kas j\u0101noform\u0113 Igaunijas Policijas un robe\u017esardzes p\u0101rvald\u0113. At\u013caujas parasti tiek izsniegtas uz laiku no viena l\u012bdz pieciem gadiem atkar\u012bb\u0101 no pieteikuma pamata.<\/p>\n<p class=\"p2\">Iesp\u0113jamie pamati:<\/p>\n<ul>\n<li>\u0122imenes apvieno\u0161ana ar Igaunijas rezidentu vai pilsoni<\/li>\n<li>Laul\u012bba ar Igaunijas pilsoni<\/li>\n<li>Darba attiec\u012bbas uz viet\u0113j\u0101 darba l\u012bguma pamata<\/li>\n<li>Uz\u0146\u0113muma dibin\u0101\u0161ana vai akt\u012bva vad\u012b\u0161ana Igaunij\u0101<\/li>\n<li>Studijas Igaunijas izgl\u012bt\u012bbas iest\u0101d\u0113<\/li>\n<\/ul>\n<p class=\"p1\">ES pilso\u0146iem process ir iev\u0113rojami vienk\u0101r\u0161\u0101ks. ES pilso\u0146iem ir ties\u012bbas dz\u012bvot Igaunij\u0101, re\u0123istr\u0113jot savu dz\u012bvesvietu, piem\u0113ram, uz \u012bres l\u012bguma pamata.<\/p>\n<p class=\"p1\">Ja esat ES pilsonis un pl\u0101nojat p\u0101rcelties uz Igauniju, m\u0113s pal\u012bdz\u0113sim jums ar re\u0123istr\u0101cijas procesu un visu nepiecie\u0161amo dokumentu sagatavo\u0161anu.<\/p>\n<p class=\"p1\">Igaunijas e-Rezident\u016bra \u2014 uz\u0146\u0113m\u0113jdarb\u012bba bez p\u0101rcel\u0161an\u0101s<\/p>\n<p class=\"p1\">Igaunijas e-Rezident\u016bras programma ir unik\u0101la digit\u0101l\u0101s identit\u0101tes sist\u0113ma, kas \u013cauj nerezidentiem izmantot Igaunijas e-pakalpojumus un vad\u012bt uz\u0146\u0113mumu ES piln\u012bb\u0101 att\u0101lin\u0101ti, neuzturoties Igaunij\u0101.<\/p>\n<p class=\"p1\">Ar e-Rezident\u016bras karti j\u016bs varat re\u0123istr\u0113t un vad\u012bt Igaunijas uz\u0146\u0113mumu, parakst\u012bt dokumentus elektroniski, p\u0101rvald\u012bt bankas pakalpojumus un iesniegt nodok\u013cu deklar\u0101cijas \u2014 piln\u012bb\u0101 att\u0101lin\u0101ti.<\/p>\n<p class=\"p1\">e-Rezident\u016bra nepie\u0161\u0137ir uztur\u0113\u0161an\u0101s ties\u012bbas vai ties\u012bbas iece\u013cot Igaunij\u0101, ta\u010du t\u0101 ir ide\u0101ls risin\u0101jums uz\u0146\u0113m\u0113jiem, fr\u012blanceriem un digit\u0101lajiem nomadiem, kuriem nepiecie\u0161ama uzticama biznesa b\u0101ze ES bez p\u0101rcel\u0161an\u0101s.<\/p>\n<p class=\"p1\">M\u0113s pal\u012bdzam klientiem ar e-Rezident\u016bras pieteikumu sagatavo\u0161anu un iesnieg\u0161anu, k\u0101 ar\u012b ar uz\u0146\u0113muma re\u0123istr\u0101ciju un p\u0101rvald\u012bbu p\u0113c kartes sa\u0146em\u0161anas.<\/p>\n<p class=\"p4\">Pras\u012bbas, izskat\u012b\u0161anas termi\u0146i un programmas nosac\u012bjumi var main\u012bties. Sazinieties ar mums, lai sa\u0146emtu aktu\u0101lu inform\u0101ciju, kas piel\u0101gota j\u016bsu situ\u0101cijai.<\/p>\n<p>[\/vc_column_text][\/vc_column][\/vc_row]<\/p>\n","protected":false},"excerpt":{"rendered":"<p>[vc_row full_width=&#8221;stretch_row&#8221; css=&#8221;.vc_custom_1581874985839{padding-top: 30px !important;padding-bottom: 30px !important;background-color: #2e353e !important;}&#8221;][vc_column][vc_custom_heading text=&#8221;Pal\u012bdz\u012bba uztur\u0113\u0161an\u0101s at\u013caujas ieg\u016b\u0161an\u0101&#8221; font_container=&#8221;tag:h1|text_align:center&#8221; use_theme_fonts=&#8221;yes&#8221; css=&#8221;.vc_custom_1584953592054{margin-bottom: 0px !important;}&#8221;][\/vc_column][\/vc_row][vc_row][vc_column][vc_column_text] Igaunija pied\u0101v\u0101 vienu no pieejam\u0101kaj\u0101m un digit\u0101li att\u012bst\u012bt\u0101kaj\u0101m rezident\u016bras sist\u0113m\u0101m Baltijas re\u0123ion\u0101, padarot to par pievilc\u012bgu izv\u0113li tiem, kas v\u0113las p\u0101rcelties, str\u0101d\u0101t vai veikt uz\u0146\u0113m\u0113jdarb\u012bbu Eiropas Savien\u012bb\u0101. Uztur\u0113\u0161an\u0101s at\u013cauja \u2014 pieteik\u0161an\u0101s pamati Tre\u0161o valstu pilso\u0146iem nepiecie\u0161ama pagaidu [&hellip;]<\/p>\n","protected":false},"author":1,"featured_media":0,"parent":0,"menu_order":0,"comment_status":"closed","ping_status":"closed","template":"","meta":[],"yoast_head":"<!-- This site is optimized with the Yoast SEO plugin v18.4.1 - https:\/\/yoast.com\/wordpress\/plugins\/seo\/ -->\n<title>Pal\u012bdz\u012bba uztur\u0113\u0161an\u0101s at\u013caujas ieg\u016b\u0161an\u0101 - Consultatio<\/title>\n<meta name=\"robots\" content=\"index, follow, max-snippet:-1, max-image-preview:large, max-video-preview:-1\" \/>\n<link rel=\"canonical\" href=\"https:\/\/consultatio.ee\/help-in-registration-in-estonia\/\" \/>\n<meta property=\"og:locale\" content=\"lv_LV\" \/>\n<meta property=\"og:type\" content=\"article\" \/>\n<meta property=\"og:title\" content=\"Pal\u012bdz\u012bba uztur\u0113\u0161an\u0101s at\u013caujas ieg\u016b\u0161an\u0101 - Consultatio\" \/>\n<meta property=\"og:description\" content=\"[vc_row full_width=&#8221;stretch_row&#8221; css=&#8221;.vc_custom_1581874985839{padding-top: 30px !important;padding-bottom: 30px !important;background-color: #2e353e !important;}&#8221;][vc_column][vc_custom_heading text=&#8221;Pal\u012bdz\u012bba uztur\u0113\u0161an\u0101s at\u013caujas ieg\u016b\u0161an\u0101&#8221; font_container=&#8221;tag:h1|text_align:center&#8221; use_theme_fonts=&#8221;yes&#8221; css=&#8221;.vc_custom_1584953592054{margin-bottom: 0px !important;}&#8221;][\/vc_column][\/vc_row][vc_row][vc_column][vc_column_text] Igaunija pied\u0101v\u0101 vienu no pieejam\u0101kaj\u0101m un digit\u0101li att\u012bst\u012bt\u0101kaj\u0101m rezident\u016bras sist\u0113m\u0101m Baltijas re\u0123ion\u0101, padarot to par pievilc\u012bgu izv\u0113li tiem, kas v\u0113las p\u0101rcelties, str\u0101d\u0101t vai veikt uz\u0146\u0113m\u0113jdarb\u012bbu Eiropas Savien\u012bb\u0101. Uztur\u0113\u0161an\u0101s at\u013cauja \u2014 pieteik\u0161an\u0101s pamati Tre\u0161o valstu pilso\u0146iem nepiecie\u0161ama pagaidu [&hellip;]\" \/>\n<meta property=\"og:url\" content=\"https:\/\/consultatio.ee\/help-in-registration-in-estonia\/\" \/>\n<meta property=\"og:site_name\" content=\"Consultatio\" \/>\n<meta property=\"article:modified_time\" content=\"2026-05-04T21:29:26+00:00\" \/>\n<meta name=\"twitter:card\" content=\"summary_large_image\" \/>\n<meta name=\"twitter:label1\" content=\"Est. reading time\" \/>\n\t<meta name=\"twitter:data1\" content=\"2 minutes\" \/>\n<script type=\"application\/ld+json\" class=\"yoast-schema-graph\">{\"@context\":\"https:\/\/schema.org\",\"@graph\":[{\"@type\":\"WebSite\",\"@id\":\"https:\/\/consultatio.ee\/#website\",\"url\":\"https:\/\/consultatio.ee\/\",\"name\":\"Consultatio\",\"description\":\"Consultatio\",\"potentialAction\":[{\"@type\":\"SearchAction\",\"target\":{\"@type\":\"EntryPoint\",\"urlTemplate\":\"https:\/\/consultatio.ee\/?s={search_term_string}\"},\"query-input\":\"required name=search_term_string\"}],\"inLanguage\":\"lv-LV\"},{\"@type\":\"WebPage\",\"@id\":\"https:\/\/consultatio.ee\/help-in-registration-in-estonia\/#webpage\",\"url\":\"https:\/\/consultatio.ee\/help-in-registration-in-estonia\/\",\"name\":\"Pal\u012bdz\u012bba uztur\u0113\u0161an\u0101s at\u013caujas ieg\u016b\u0161an\u0101 - Consultatio\",\"isPartOf\":{\"@id\":\"https:\/\/consultatio.ee\/#website\"},\"datePublished\":\"2020-02-17T07:32:18+00:00\",\"dateModified\":\"2026-05-04T21:29:26+00:00\",\"breadcrumb\":{\"@id\":\"https:\/\/consultatio.ee\/help-in-registration-in-estonia\/#breadcrumb\"},\"inLanguage\":\"lv-LV\",\"potentialAction\":[{\"@type\":\"ReadAction\",\"target\":[\"https:\/\/consultatio.ee\/help-in-registration-in-estonia\/\"]}]},{\"@type\":\"BreadcrumbList\",\"@id\":\"https:\/\/consultatio.ee\/help-in-registration-in-estonia\/#breadcrumb\",\"itemListElement\":[{\"@type\":\"ListItem\",\"position\":1,\"name\":\"Home\",\"item\":\"https:\/\/consultatio.ee\/lv\/\"},{\"@type\":\"ListItem\",\"position\":2,\"name\":\"Pal\u012bdz\u012bba uztur\u0113\u0161an\u0101s at\u013caujas ieg\u016b\u0161an\u0101\"}]}]}<\/script>\n<!-- \/ Yoast SEO plugin. -->","yoast_head_json":{"title":"Pal\u012bdz\u012bba uztur\u0113\u0161an\u0101s at\u013caujas ieg\u016b\u0161an\u0101 - Consultatio","robots":{"index":"index","follow":"follow","max-snippet":"max-snippet:-1","max-image-preview":"max-image-preview:large","max-video-preview":"max-video-preview:-1"},"canonical":"https:\/\/consultatio.ee\/help-in-registration-in-estonia\/","og_locale":"lv_LV","og_type":"article","og_title":"Pal\u012bdz\u012bba uztur\u0113\u0161an\u0101s at\u013caujas ieg\u016b\u0161an\u0101 - Consultatio","og_description":"[vc_row full_width=&#8221;stretch_row&#8221; css=&#8221;.vc_custom_1581874985839{padding-top: 30px !important;padding-bottom: 30px !important;background-color: #2e353e !important;}&#8221;][vc_column][vc_custom_heading text=&#8221;Pal\u012bdz\u012bba uztur\u0113\u0161an\u0101s at\u013caujas ieg\u016b\u0161an\u0101&#8221; font_container=&#8221;tag:h1|text_align:center&#8221; use_theme_fonts=&#8221;yes&#8221; css=&#8221;.vc_custom_1584953592054{margin-bottom: 0px !important;}&#8221;][\/vc_column][\/vc_row][vc_row][vc_column][vc_column_text] Igaunija pied\u0101v\u0101 vienu no pieejam\u0101kaj\u0101m un digit\u0101li att\u012bst\u012bt\u0101kaj\u0101m rezident\u016bras sist\u0113m\u0101m Baltijas re\u0123ion\u0101, padarot to par pievilc\u012bgu izv\u0113li tiem, kas v\u0113las p\u0101rcelties, str\u0101d\u0101t vai veikt uz\u0146\u0113m\u0113jdarb\u012bbu Eiropas Savien\u012bb\u0101. Uztur\u0113\u0161an\u0101s at\u013cauja \u2014 pieteik\u0161an\u0101s pamati Tre\u0161o valstu pilso\u0146iem nepiecie\u0161ama pagaidu [&hellip;]","og_url":"https:\/\/consultatio.ee\/help-in-registration-in-estonia\/","og_site_name":"Consultatio","article_modified_time":"2026-05-04T21:29:26+00:00","twitter_card":"summary_large_image","twitter_misc":{"Est. reading time":"2 minutes"},"schema":{"@context":"https:\/\/schema.org","@graph":[{"@type":"WebSite","@id":"https:\/\/consultatio.ee\/#website","url":"https:\/\/consultatio.ee\/","name":"Consultatio","description":"Consultatio","potentialAction":[{"@type":"SearchAction","target":{"@type":"EntryPoint","urlTemplate":"https:\/\/consultatio.ee\/?s={search_term_string}"},"query-input":"required name=search_term_string"}],"inLanguage":"lv-LV"},{"@type":"WebPage","@id":"https:\/\/consultatio.ee\/help-in-registration-in-estonia\/#webpage","url":"https:\/\/consultatio.ee\/help-in-registration-in-estonia\/","name":"Pal\u012bdz\u012bba uztur\u0113\u0161an\u0101s at\u013caujas ieg\u016b\u0161an\u0101 - Consultatio","isPartOf":{"@id":"https:\/\/consultatio.ee\/#website"},"datePublished":"2020-02-17T07:32:18+00:00","dateModified":"2026-05-04T21:29:26+00:00","breadcrumb":{"@id":"https:\/\/consultatio.ee\/help-in-registration-in-estonia\/#breadcrumb"},"inLanguage":"lv-LV","potentialAction":[{"@type":"ReadAction","target":["https:\/\/consultatio.ee\/help-in-registration-in-estonia\/"]}]},{"@type":"BreadcrumbList","@id":"https:\/\/consultatio.ee\/help-in-registration-in-estonia\/#breadcrumb","itemListElement":[{"@type":"ListItem","position":1,"name":"Home","item":"https:\/\/consultatio.ee\/lv\/"},{"@type":"ListItem","position":2,"name":"Pal\u012bdz\u012bba uztur\u0113\u0161an\u0101s at\u013caujas ieg\u016b\u0161an\u0101"}]}]}},"_links":{"self":[{"href":"https:\/\/consultatio.ee\/lv\/wp-json\/wp\/v2\/pages\/1105"}],"collection":[{"href":"https:\/\/consultatio.ee\/lv\/wp-json\/wp\/v2\/pages"}],"about":[{"href":"https:\/\/consultatio.ee\/lv\/wp-json\/wp\/v2\/types\/page"}],"author":[{"embeddable":true,"href":"https:\/\/consultatio.ee\/lv\/wp-json\/wp\/v2\/users\/1"}],"replies":[{"embeddable":true,"href":"https:\/\/consultatio.ee\/lv\/wp-json\/wp\/v2\/comments?post=1105"}],"version-history":[{"count":4,"href":"https:\/\/consultatio.ee\/lv\/wp-json\/wp\/v2\/pages\/1105\/revisions"}],"predecessor-version":[{"id":1271,"href":"https:\/\/consultatio.ee\/lv\/wp-json\/wp\/v2\/pages\/1105\/revisions\/1271"}],"wp:attachment":[{"href":"https:\/\/consultatio.ee\/lv\/wp-json\/wp\/v2\/media?parent=1105"}],"curies":[{"name":"wp","href":"https:\/\/api.w.org\/{rel}","templated":true}]}}