{"id":1104,"date":"2020-02-17T07:32:57","date_gmt":"2020-02-17T07:32:57","guid":{"rendered":"https:\/\/consultatio.ee\/bank-account\/"},"modified":"2020-03-25T15:08:15","modified_gmt":"2020-03-25T13:08:15","slug":"bank-account","status":"publish","type":"page","link":"https:\/\/consultatio.ee\/lv\/bank-account\/","title":{"rendered":"Konta atv\u0113r\u0161ana"},"content":{"rendered":"<p>[vc_row full_width=&#8221;stretch_row&#8221; css=&#8221;.vc_custom_1581874985839{padding-top: 30px !important;padding-bottom: 30px !important;background-color: #2e353e !important;}&#8221;][vc_column][vc_custom_heading text=&#8221;Konta atv\u0113r\u0161ana&#8221; font_container=&#8221;tag:h1|text_align:center&#8221; use_theme_fonts=&#8221;yes&#8221; css=&#8221;.vc_custom_1584954531927{margin-bottom: 0px !important;}&#8221;][\/vc_column][\/vc_row][vc_row][vc_column][vc_column_text]Tas var notikt ar katru, ja nepareizu darb\u012bbu d\u0113\u013c tiek blo\u0137\u0113ts konts. T\u0101 rezult\u0101t\u0101 k\u013c\u016bst neiesp\u0113jami veikt ikdienas maks\u0101jumus, sa\u0146emt algu. Ko dar\u012bt?<\/p>\n<p>M\u0113s pal\u012bdz\u0113sim jums atv\u0113rt kontu \u0101rvalsts bank\u0101, konsult\u0113sim par atskait\u012bjumiem par labu tiesu izpild\u012bt\u0101jiem un detaliz\u0113ti past\u0101st\u012bsim, k\u0101 pareizi r\u012bkoties \u0161\u0101d\u0101s situ\u0101cij\u0101s. Sazinieties ar mums, lai sa\u0146emtu pal\u012bdz\u012bbu un padomu.[\/vc_column_text][\/vc_column][\/vc_row]<\/p>\n","protected":false},"excerpt":{"rendered":"<p>[vc_row full_width=&#8221;stretch_row&#8221; css=&#8221;.vc_custom_1581874985839{padding-top: 30px !important;padding-bottom: 30px !important;background-color: #2e353e !important;}&#8221;][vc_column][vc_custom_heading text=&#8221;Konta atv\u0113r\u0161ana&#8221; font_container=&#8221;tag:h1|text_align:center&#8221; use_theme_fonts=&#8221;yes&#8221; css=&#8221;.vc_custom_1584954531927{margin-bottom: 0px !important;}&#8221;][\/vc_column][\/vc_row][vc_row][vc_column][vc_column_text]Tas var notikt ar katru, ja nepareizu darb\u012bbu d\u0113\u013c tiek blo\u0137\u0113ts konts. T\u0101 rezult\u0101t\u0101 k\u013c\u016bst neiesp\u0113jami veikt ikdienas maks\u0101jumus, sa\u0146emt algu. Ko dar\u012bt? M\u0113s pal\u012bdz\u0113sim jums atv\u0113rt kontu \u0101rvalsts bank\u0101, konsult\u0113sim par atskait\u012bjumiem par labu tiesu izpild\u012bt\u0101jiem un detaliz\u0113ti past\u0101st\u012bsim, [&hellip;]<\/p>\n","protected":false},"author":1,"featured_media":0,"parent":0,"menu_order":0,"comment_status":"closed","ping_status":"closed","template":"","meta":[],"yoast_head":"<!-- This site is optimized with the Yoast SEO plugin v18.4.1 - https:\/\/yoast.com\/wordpress\/plugins\/seo\/ -->\n<title>Konta atv\u0113r\u0161ana - Consultatio<\/title>\n<meta name=\"robots\" content=\"index, follow, max-snippet:-1, max-image-preview:large, max-video-preview:-1\" \/>\n<link rel=\"canonical\" href=\"https:\/\/consultatio.ee\/lv\/bank-account\/\" \/>\n<meta property=\"og:locale\" content=\"lv_LV\" \/>\n<meta property=\"og:type\" content=\"article\" \/>\n<meta property=\"og:title\" content=\"Konta atv\u0113r\u0161ana - Consultatio\" \/>\n<meta property=\"og:description\" content=\"[vc_row full_width=&#8221;stretch_row&#8221; css=&#8221;.vc_custom_1581874985839{padding-top: 30px !important;padding-bottom: 30px !important;background-color: #2e353e !important;}&#8221;][vc_column][vc_custom_heading text=&#8221;Konta atv\u0113r\u0161ana&#8221; font_container=&#8221;tag:h1|text_align:center&#8221; use_theme_fonts=&#8221;yes&#8221; css=&#8221;.vc_custom_1584954531927{margin-bottom: 0px !important;}&#8221;][\/vc_column][\/vc_row][vc_row][vc_column][vc_column_text]Tas var notikt ar katru, ja nepareizu darb\u012bbu d\u0113\u013c tiek blo\u0137\u0113ts konts. T\u0101 rezult\u0101t\u0101 k\u013c\u016bst neiesp\u0113jami veikt ikdienas maks\u0101jumus, sa\u0146emt algu. Ko dar\u012bt? M\u0113s pal\u012bdz\u0113sim jums atv\u0113rt kontu \u0101rvalsts bank\u0101, konsult\u0113sim par atskait\u012bjumiem par labu tiesu izpild\u012bt\u0101jiem un detaliz\u0113ti past\u0101st\u012bsim, [&hellip;]\" \/>\n<meta property=\"og:url\" content=\"https:\/\/consultatio.ee\/lv\/bank-account\/\" \/>\n<meta property=\"og:site_name\" content=\"Consultatio\" \/>\n<meta property=\"article:modified_time\" content=\"2020-03-25T13:08:15+00:00\" \/>\n<meta name=\"twitter:card\" content=\"summary_large_image\" \/>\n<meta name=\"twitter:label1\" content=\"Est. reading time\" \/>\n\t<meta name=\"twitter:data1\" content=\"1 minute\" \/>\n<script type=\"application\/ld+json\" class=\"yoast-schema-graph\">{\"@context\":\"https:\/\/schema.org\",\"@graph\":[{\"@type\":\"WebSite\",\"@id\":\"https:\/\/consultatio.ee\/#website\",\"url\":\"https:\/\/consultatio.ee\/\",\"name\":\"Consultatio\",\"description\":\"Consultatio\",\"potentialAction\":[{\"@type\":\"SearchAction\",\"target\":{\"@type\":\"EntryPoint\",\"urlTemplate\":\"https:\/\/consultatio.ee\/?s={search_term_string}\"},\"query-input\":\"required name=search_term_string\"}],\"inLanguage\":\"lv-LV\"},{\"@type\":\"WebPage\",\"@id\":\"https:\/\/consultatio.ee\/lv\/bank-account\/#webpage\",\"url\":\"https:\/\/consultatio.ee\/lv\/bank-account\/\",\"name\":\"Konta atv\u0113r\u0161ana - Consultatio\",\"isPartOf\":{\"@id\":\"https:\/\/consultatio.ee\/#website\"},\"datePublished\":\"2020-02-17T07:32:57+00:00\",\"dateModified\":\"2020-03-25T13:08:15+00:00\",\"breadcrumb\":{\"@id\":\"https:\/\/consultatio.ee\/lv\/bank-account\/#breadcrumb\"},\"inLanguage\":\"lv-LV\",\"potentialAction\":[{\"@type\":\"ReadAction\",\"target\":[\"https:\/\/consultatio.ee\/lv\/bank-account\/\"]}]},{\"@type\":\"BreadcrumbList\",\"@id\":\"https:\/\/consultatio.ee\/lv\/bank-account\/#breadcrumb\",\"itemListElement\":[{\"@type\":\"ListItem\",\"position\":1,\"name\":\"Home\",\"item\":\"https:\/\/consultatio.ee\/lv\/\"},{\"@type\":\"ListItem\",\"position\":2,\"name\":\"Konta atv\u0113r\u0161ana\"}]}]}<\/script>\n<!-- \/ Yoast SEO plugin. -->","yoast_head_json":{"title":"Konta atv\u0113r\u0161ana - Consultatio","robots":{"index":"index","follow":"follow","max-snippet":"max-snippet:-1","max-image-preview":"max-image-preview:large","max-video-preview":"max-video-preview:-1"},"canonical":"https:\/\/consultatio.ee\/lv\/bank-account\/","og_locale":"lv_LV","og_type":"article","og_title":"Konta atv\u0113r\u0161ana - Consultatio","og_description":"[vc_row full_width=&#8221;stretch_row&#8221; css=&#8221;.vc_custom_1581874985839{padding-top: 30px !important;padding-bottom: 30px !important;background-color: #2e353e !important;}&#8221;][vc_column][vc_custom_heading text=&#8221;Konta atv\u0113r\u0161ana&#8221; font_container=&#8221;tag:h1|text_align:center&#8221; use_theme_fonts=&#8221;yes&#8221; css=&#8221;.vc_custom_1584954531927{margin-bottom: 0px !important;}&#8221;][\/vc_column][\/vc_row][vc_row][vc_column][vc_column_text]Tas var notikt ar katru, ja nepareizu darb\u012bbu d\u0113\u013c tiek blo\u0137\u0113ts konts. T\u0101 rezult\u0101t\u0101 k\u013c\u016bst neiesp\u0113jami veikt ikdienas maks\u0101jumus, sa\u0146emt algu. Ko dar\u012bt? M\u0113s pal\u012bdz\u0113sim jums atv\u0113rt kontu \u0101rvalsts bank\u0101, konsult\u0113sim par atskait\u012bjumiem par labu tiesu izpild\u012bt\u0101jiem un detaliz\u0113ti past\u0101st\u012bsim, [&hellip;]","og_url":"https:\/\/consultatio.ee\/lv\/bank-account\/","og_site_name":"Consultatio","article_modified_time":"2020-03-25T13:08:15+00:00","twitter_card":"summary_large_image","twitter_misc":{"Est. reading time":"1 minute"},"schema":{"@context":"https:\/\/schema.org","@graph":[{"@type":"WebSite","@id":"https:\/\/consultatio.ee\/#website","url":"https:\/\/consultatio.ee\/","name":"Consultatio","description":"Consultatio","potentialAction":[{"@type":"SearchAction","target":{"@type":"EntryPoint","urlTemplate":"https:\/\/consultatio.ee\/?s={search_term_string}"},"query-input":"required name=search_term_string"}],"inLanguage":"lv-LV"},{"@type":"WebPage","@id":"https:\/\/consultatio.ee\/lv\/bank-account\/#webpage","url":"https:\/\/consultatio.ee\/lv\/bank-account\/","name":"Konta atv\u0113r\u0161ana - Consultatio","isPartOf":{"@id":"https:\/\/consultatio.ee\/#website"},"datePublished":"2020-02-17T07:32:57+00:00","dateModified":"2020-03-25T13:08:15+00:00","breadcrumb":{"@id":"https:\/\/consultatio.ee\/lv\/bank-account\/#breadcrumb"},"inLanguage":"lv-LV","potentialAction":[{"@type":"ReadAction","target":["https:\/\/consultatio.ee\/lv\/bank-account\/"]}]},{"@type":"BreadcrumbList","@id":"https:\/\/consultatio.ee\/lv\/bank-account\/#breadcrumb","itemListElement":[{"@type":"ListItem","position":1,"name":"Home","item":"https:\/\/consultatio.ee\/lv\/"},{"@type":"ListItem","position":2,"name":"Konta atv\u0113r\u0161ana"}]}]}},"_links":{"self":[{"href":"https:\/\/consultatio.ee\/lv\/wp-json\/wp\/v2\/pages\/1104"}],"collection":[{"href":"https:\/\/consultatio.ee\/lv\/wp-json\/wp\/v2\/pages"}],"about":[{"href":"https:\/\/consultatio.ee\/lv\/wp-json\/wp\/v2\/types\/page"}],"author":[{"embeddable":true,"href":"https:\/\/consultatio.ee\/lv\/wp-json\/wp\/v2\/users\/1"}],"replies":[{"embeddable":true,"href":"https:\/\/consultatio.ee\/lv\/wp-json\/wp\/v2\/comments?post=1104"}],"version-history":[{"count":1,"href":"https:\/\/consultatio.ee\/lv\/wp-json\/wp\/v2\/pages\/1104\/revisions"}],"predecessor-version":[{"id":1132,"href":"https:\/\/consultatio.ee\/lv\/wp-json\/wp\/v2\/pages\/1104\/revisions\/1132"}],"wp:attachment":[{"href":"https:\/\/consultatio.ee\/lv\/wp-json\/wp\/v2\/media?parent=1104"}],"curies":[{"name":"wp","href":"https:\/\/api.w.org\/{rel}","templated":true}]}}